{"id":249,"date":"2020-04-07T23:05:39","date_gmt":"2020-04-07T23:05:39","guid":{"rendered":"https:\/\/madeleinedanielou.ci\/?page_id=249"},"modified":"2026-03-30T18:14:15","modified_gmt":"2026-03-30T18:14:15","slug":"scolarite","status":"publish","type":"page","link":"https:\/\/madeleinedanielou.ci\/index.php\/scolarite\/","title":{"rendered":"Scolarit\u00e9"},"content":{"rendered":"\t\t<div data-elementor-type=\"wp-page\" data-elementor-id=\"249\" class=\"elementor elementor-249\">\n\t\t\t\t\t\t<section class=\"elementor-section elementor-top-section elementor-element elementor-element-928b1be elementor-section-boxed elementor-section-height-default elementor-section-height-default wpr-particle-no wpr-jarallax-no wpr-parallax-no wpr-sticky-section-no\" data-id=\"928b1be\" data-element_type=\"section\" data-e-type=\"section\">\n\t\t\t\t\t\t<div class=\"elementor-container elementor-column-gap-default\">\n\t\t\t\t\t<div class=\"elementor-column elementor-col-100 elementor-top-column elementor-element elementor-element-b89e5ab\" data-id=\"b89e5ab\" data-element_type=\"column\" data-e-type=\"column\">\n\t\t\t<div class=\"elementor-widget-wrap elementor-element-populated\">\n\t\t\t\t\t\t<div class=\"elementor-element elementor-element-3cd4dc2 elementor-widget elementor-widget-page-title\" data-id=\"3cd4dc2\" data-element_type=\"widget\" data-e-type=\"widget\" data-widget_type=\"page-title.default\">\n\t\t\t\t<div class=\"elementor-widget-container\">\n\t\t\t\t\t\t\t\n\t\t<div class=\"hfe-page-title hfe-page-title-wrapper elementor-widget-heading\">\n\n\t\t\t\t\t\t\t\t\t\t\t<a href=\"https:\/\/madeleinedanielou.ci\">\n\t\t\t\t\t\t<h2 class=\"elementor-heading-title elementor-size-default\">\n\t\t\t\t\t\t\t\t\n\t\t\t\tScolarit\u00e9  \n\t\t\t<\/h2 > \n\t\t\t\t\t\t\t\t\t<\/a>\n\t\t\t\t\t<\/div>\n\t\t\t\t\t\t<\/div>\n\t\t\t\t<\/div>\n\t\t\t\t\t<\/div>\n\t\t<\/div>\n\t\t\t\t\t<\/div>\n\t\t<\/section>\n\t\t\t\t<section class=\"elementor-section elementor-top-section elementor-element elementor-element-448e03e4 elementor-section-boxed elementor-section-height-default elementor-section-height-default wpr-particle-no wpr-jarallax-no wpr-parallax-no wpr-sticky-section-no\" data-id=\"448e03e4\" data-element_type=\"section\" data-e-type=\"section\">\n\t\t\t\t\t\t<div class=\"elementor-container elementor-column-gap-default\">\n\t\t\t\t\t<div class=\"elementor-column elementor-col-100 elementor-top-column elementor-element elementor-element-77c9170c\" data-id=\"77c9170c\" data-element_type=\"column\" data-e-type=\"column\">\n\t\t\t<div class=\"elementor-widget-wrap elementor-element-populated\">\n\t\t\t\t\t\t<div class=\"elementor-element elementor-element-4e2ce51c elementor-widget elementor-widget-text-editor\" data-id=\"4e2ce51c\" data-element_type=\"widget\" data-e-type=\"widget\" data-widget_type=\"text-editor.default\">\n\t\t\t\t<div class=\"elementor-widget-container\">\n\t\t\t\t\t\t\t\t\t<h4 class=\"has-text-align-center\"><span style=\"font-size: 1.41575em;\">Groupe Scolaire Madeleine-Dani\u00e9lou\u00a0<\/span><\/h4>\n<h4 class=\"has-text-align-center\">Ann\u00e9e scolaire 2026-2027<\/h4>\n<p><!-- \/wp:heading --><\/p>\n<p><!-- wp:table {\"className\":\"is-style-regular\"} --><\/p>\n<figure class=\"wp-block-table is-style-regular\">\n<table>\n<thead>\n<tr>\n<th>\u00a0<\/th>\n<th><strong>Pr\u00e9scolaire<\/strong><\/th>\n<th><strong>Primaire<\/strong><\/th>\n<th><b>Coll\u00e8ge<\/b><\/th>\n<th><strong>Lyc\u00e9e<\/strong><\/th>\n<\/tr>\n<\/thead>\n<tbody>\n<tr>\n<td>\n<p><strong>Pr\u00e9-inscription<\/strong><\/p>\n<p>concerne uniquement les nouvelles \u00e9l\u00e8ves<\/p>\n<\/td>\n<td>40.000 F CFA<\/td>\n<td>40.000 F CFA<\/td>\n<td>65.000 F CFA<\/td>\n<td>65.000 F CFA<\/td>\n<\/tr>\n<\/tbody>\n<\/table>\n<\/figure>\n<p><!-- \/wp:table --><\/p>\n<p><!-- wp:heading {\"align\":\"center\",\"level\":4} --><\/p>\n<h4 class=\"has-text-align-center\">Scolarit\u00e9<\/h4>\n<p><!-- \/wp:heading --><\/p>\n<p><!-- wp:table --><\/p>\n<figure class=\"wp-block-table\">\n<table>\n<thead>\n<tr>\n<th><strong>Date des versements<\/strong><\/th>\n<th><strong>Pr\u00e9scolaire<\/strong><\/th>\n<th>Primaire<\/th>\n<th>Coll\u00e8ge<\/th>\n<th><strong>Lyc\u00e9e<\/strong><\/th>\n<\/tr>\n<\/thead>\n<tbody>\n<tr>\n<td>\n<p><strong>R\u00e9-inscription :<\/strong><\/p>\n<p><strong>au plus tard le 05 juin 2026 : 1<sup>er<\/sup>versement<\/strong><\/p>\n<\/td>\n<td>220.000 FCFA<\/td>\n<td>200.000 FCFA<\/td>\n<td>250.000 FCFA<\/td>\n<td>300.000 FCFA<\/td>\n<\/tr>\n<tr>\n<td><strong>Au plus tard le 30 Septembre :\u00a0<\/strong><strong>2<sup>\u00e8me<\/sup>versement<\/strong><\/td>\n<td>200.000 FCFA<\/td>\n<td>200.000 FCFA<\/td>\n<td>200.000 FCFA<\/td>\n<td>250.000 FCFA<\/td>\n<\/tr>\n<tr>\n<td><strong>Au plus tard le 30 Novembre :\u00a0<\/strong><strong>3<sup>\u00e8me<\/sup>versement<\/strong><\/td>\n<td>100.000 FCFA<\/td>\n<td>100.000 FCFA<\/td>\n<td>150.000 FCFA<\/td>\n<td>150.000 FCFA<\/td>\n<\/tr>\n<tr>\n<td><strong>Au plus tard le 30 janvier<\/strong>\u00a0:\u00a0<strong>4<sup>\u00e8me<\/sup>versement<\/strong><\/td>\n<td>100.000 FCFA<\/td>\n<td>100.000 FCFA<\/td>\n<td>150.000 FCFA<\/td>\n<td>150.000 FCFA<\/td>\n<\/tr>\n<tr>\n<td><strong>TOTAL<\/strong><\/td>\n<td><strong>620.000\u00a0FCFA <\/strong><\/td>\n<td><strong>600.000\u00a0FCFA<\/strong><\/td>\n<td><strong>750.000\u00a0FCFA<\/strong><\/td>\n<td><strong>850.000\u00a0FCFA<\/strong><\/td>\n<\/tr>\n<\/tbody>\n<\/table>\n<\/figure>\n<p><!-- \/wp:table --><\/p>\t\t\t\t\t\t\t\t<\/div>\n\t\t\t\t<\/div>\n\t\t\t\t\t<\/div>\n\t\t<\/div>\n\t\t\t\t\t<\/div>\n\t\t<\/section>\n\t\t\t\t<section class=\"elementor-section elementor-top-section elementor-element elementor-element-65a8bb0 elementor-section-boxed elementor-section-height-default elementor-section-height-default wpr-particle-no wpr-jarallax-no wpr-parallax-no wpr-sticky-section-no\" data-id=\"65a8bb0\" data-element_type=\"section\" data-e-type=\"section\">\n\t\t\t\t\t\t<div class=\"elementor-container elementor-column-gap-default\">\n\t\t\t\t\t<div class=\"elementor-column elementor-col-100 elementor-top-column elementor-element elementor-element-d7907f1\" data-id=\"d7907f1\" data-element_type=\"column\" data-e-type=\"column\">\n\t\t\t<div class=\"elementor-widget-wrap elementor-element-populated\">\n\t\t\t\t\t\t<div class=\"elementor-element elementor-element-b325d15 elementor-widget elementor-widget-text-editor\" data-id=\"b325d15\" data-element_type=\"widget\" data-e-type=\"widget\" data-widget_type=\"text-editor.default\">\n\t\t\t\t<div class=\"elementor-widget-container\">\n\t\t\t\t\t\t\t\t\t<p style=\"text-align: center;\">Les versements du montant de la scolarit\u00e9 se font au profit du compte de\u00a0<\/p>\n<p style=\"text-align: center;\"><b>AGSMD<\/b> \u00e0 la <strong>NSIA<\/strong> : <span style=\"color: #800080;\"><strong>CIO42 01304 063894402001 28<\/strong><\/span><\/p>\t\t\t\t\t\t\t\t<\/div>\n\t\t\t\t<\/div>\n\t\t\t\t\t<\/div>\n\t\t<\/div>\n\t\t\t\t\t<\/div>\n\t\t<\/section>\n\t\t\t\t<\/div>\n\t\t","protected":false},"excerpt":{"rendered":"<p>Scolarit\u00e9 Groupe Scolaire Madeleine-Dani\u00e9lou\u00a0 Ann\u00e9e scolaire 2026-2027 \u00a0 Pr\u00e9scolaire Primaire Coll\u00e8ge Lyc\u00e9e Pr\u00e9-inscription concerne uniquement les nouvelles \u00e9l\u00e8ves 40.000 F CFA 40.000 F CFA 65.000&hellip;<\/p>\n","protected":false},"author":6,"featured_media":0,"parent":0,"menu_order":0,"comment_status":"closed","ping_status":"closed","template":"","meta":{"footnotes":""},"class_list":["post-249","page","type-page","status-publish","hentry"],"aioseo_notices":[],"a3_pvc":{"activated":false,"total_views":0,"today_views":0},"_links":{"self":[{"href":"https:\/\/madeleinedanielou.ci\/index.php\/wp-json\/wp\/v2\/pages\/249","targetHints":{"allow":["GET"]}}],"collection":[{"href":"https:\/\/madeleinedanielou.ci\/index.php\/wp-json\/wp\/v2\/pages"}],"about":[{"href":"https:\/\/madeleinedanielou.ci\/index.php\/wp-json\/wp\/v2\/types\/page"}],"author":[{"embeddable":true,"href":"https:\/\/madeleinedanielou.ci\/index.php\/wp-json\/wp\/v2\/users\/6"}],"replies":[{"embeddable":true,"href":"https:\/\/madeleinedanielou.ci\/index.php\/wp-json\/wp\/v2\/comments?post=249"}],"version-history":[{"count":67,"href":"https:\/\/madeleinedanielou.ci\/index.php\/wp-json\/wp\/v2\/pages\/249\/revisions"}],"predecessor-version":[{"id":10182,"href":"https:\/\/madeleinedanielou.ci\/index.php\/wp-json\/wp\/v2\/pages\/249\/revisions\/10182"}],"wp:attachment":[{"href":"https:\/\/madeleinedanielou.ci\/index.php\/wp-json\/wp\/v2\/media?parent=249"}],"curies":[{"name":"wp","href":"https:\/\/api.w.org\/{rel}","templated":true}]}}