{"id":261,"date":"2020-04-07T23:54:11","date_gmt":"2020-04-07T23:54:11","guid":{"rendered":"https:\/\/madeleinedanielou.ci\/?page_id=261"},"modified":"2023-10-30T00:24:51","modified_gmt":"2023-10-30T00:24:51","slug":"pre-inscription","status":"publish","type":"page","link":"https:\/\/madeleinedanielou.ci\/index.php\/pre-inscription\/","title":{"rendered":"Pr\u00e9-Inscription-janvier"},"content":{"rendered":"\t\t<div data-elementor-type=\"wp-page\" data-elementor-id=\"261\" class=\"elementor elementor-261\">\n\t\t\t\t\t\t<section class=\"elementor-section elementor-top-section elementor-element elementor-element-7d74daa elementor-section-boxed elementor-section-height-default elementor-section-height-default wpr-particle-no wpr-jarallax-no wpr-parallax-no wpr-sticky-section-no wpr-equal-height-no\" data-id=\"7d74daa\" data-element_type=\"section\" data-e-type=\"section\">\n\t\t\t\t\t\t<div class=\"elementor-container elementor-column-gap-default\">\n\t\t\t\t\t<div class=\"elementor-column elementor-col-100 elementor-top-column elementor-element elementor-element-5bad669\" data-id=\"5bad669\" data-element_type=\"column\" data-e-type=\"column\">\n\t\t\t<div class=\"elementor-widget-wrap elementor-element-populated\">\n\t\t\t\t\t\t<div class=\"elementor-element elementor-element-91f9876 elementor-widget elementor-widget-page-title\" data-id=\"91f9876\" data-element_type=\"widget\" data-e-type=\"widget\" data-widget_type=\"page-title.default\">\n\t\t\t\t<div class=\"elementor-widget-container\">\n\t\t\t\t\t\t\t\n\t\t<div class=\"hfe-page-title hfe-page-title-wrapper elementor-widget-heading\">\n\n\t\t\t\t\t\t\t\t\t\t\t<a href=\"https:\/\/madeleinedanielou.ci\">\n\t\t\t\t\t\t<h2 class=\"elementor-heading-title elementor-size-default\">\n\t\t\t\t\t\t\t\t\n\t\t\t\tPr\u00e9-Inscription-janvier  \n\t\t\t<\/h2 > \n\t\t\t\t\t\t\t\t\t<\/a>\n\t\t\t\t\t<\/div>\n\t\t\t\t\t\t<\/div>\n\t\t\t\t<\/div>\n\t\t\t\t\t<\/div>\n\t\t<\/div>\n\t\t\t\t\t<\/div>\n\t\t<\/section>\n\t\t\t\t<section class=\"elementor-section elementor-top-section elementor-element elementor-element-20c91e57 elementor-section-boxed elementor-section-height-default elementor-section-height-default wpr-particle-no wpr-jarallax-no wpr-parallax-no wpr-sticky-section-no wpr-equal-height-no\" data-id=\"20c91e57\" data-element_type=\"section\" data-e-type=\"section\">\n\t\t\t\t\t\t<div class=\"elementor-container elementor-column-gap-default\">\n\t\t\t\t\t<div class=\"elementor-column elementor-col-100 elementor-top-column elementor-element elementor-element-5a5f29de\" data-id=\"5a5f29de\" data-element_type=\"column\" data-e-type=\"column\">\n\t\t\t<div class=\"elementor-widget-wrap elementor-element-populated\">\n\t\t\t\t\t\t<div class=\"elementor-element elementor-element-3b565529 elementor-widget elementor-widget-text-editor\" data-id=\"3b565529\" data-element_type=\"widget\" data-e-type=\"widget\" data-widget_type=\"text-editor.default\">\n\t\t\t\t<div class=\"elementor-widget-container\">\n\t\t\t\t\t\t\t\t\t<p><\/p>\n<h3 style=\"text-align: center;\"><span style=\"color: #ff6600;\">Comment inscrire une \u00e9l\u00e8ve\u00a0?<\/span><\/h3>\n<p style=\"text-align: center;\"><strong>A partir du 18 janvier 2021<\/strong><\/p>\n<p><strong>Pour la rentr\u00e9e 2021, nous n&rsquo;ouvrons pas encore tous les niveaux. Seront ouverts les trois niveaux du Pr\u00e9scolaire, tous les niveaux du Primaire, du CP1 au CM2<\/strong><strong>, au coll\u00e8ge,toutes les classes, de la 6e \u00e0 la 3e, et au lyc\u00e9e, les classes de 2nde A et 2nde C, Premi\u00e8re A, C et D.<\/strong><\/p>\n<p><\/p>\n<p><\/p>\n<ol class=\"wp-block-list\">\n<li>Renseignez le formulaire que vous trouverez ci-dessous.<\/li>\n<li>Vous allez recevoir par mail les indications pour constituer le(s) dossier(s) n\u00e9cessaires.<\/li>\n<li>Constituez le(s) dossier(s) demand\u00e9(s) et d\u00e9posez-le(s) \u00e0 l&rsquo;accueil de l&rsquo;\u00e9tablissement.<\/li>\n<li>D\u00e8s que possible, vous recevrez une invitation \u00e0 un entretien avec votre (vos) fille(s).<\/li>\n<li>Selon les niveaux, les candidates<span style=\"display: inline !important; float: none; background-color: #ffffff; color: #1e73be; font-family: 'Ruda',Rubik,Sans-serif; font-size: 16px; font-style: normal; font-variant: normal; font-weight: 400; letter-spacing: normal; orphans: 2; text-align: left; text-decoration: none; text-indent: 0px; text-transform: none; -webkit-text-stroke-width: 0px; white-space: normal; word-spacing: 0px;\">\u00a0<\/span>seront convi\u00e9es \u00e0 un test.<\/li>\n<li><span style=\"display: inline !important; float: none; background-color: #ffffff; color: #1e73be; font-family: 'Ruda',Rubik,Sans-serif; font-size: 16px; font-style: normal; font-variant: normal; font-weight: 400; letter-spacing: normal; orphans: 2; text-align: left; text-decoration: none; text-indent: 0px; text-transform: none; -webkit-text-stroke-width: 0px; white-space: normal; word-spacing: 0px;\">L&rsquo;inscription d\u00e9finitive se fera au vu du r\u00e9sultat du test.<\/span><b><\/b><i><\/i><u><\/u><\/li>\n<\/ol>\n<p style=\"text-align: center;\"><b>Ouvrez le formulaire de pr\u00e9-inscription<\/b> qui se trouve ici : <strong><a href=\"https:\/\/madeleinedanielou.ci\/index.php\/pre-inscription-2021-2022\/\">CLIC!<\/a><\/strong><\/p>\n<p><\/p>\n<p><\/p>\n<p><\/p>\n<p><\/p>\n<p>\u00a0<\/p>\n<p><\/p>\n<p><\/p>\n<p>\u00a0<\/p>\n<p><\/p>\t\t\t\t\t\t\t\t<\/div>\n\t\t\t\t<\/div>\n\t\t\t\t\t<\/div>\n\t\t<\/div>\n\t\t\t\t\t<\/div>\n\t\t<\/section>\n\t\t\t\t<\/div>\n\t\t","protected":false},"excerpt":{"rendered":"<p>Pr\u00e9-Inscription-janvier Comment inscrire une \u00e9l\u00e8ve\u00a0? A partir du 18 janvier 2021 Pour la rentr\u00e9e 2021, nous n&rsquo;ouvrons pas encore tous les niveaux. Seront ouverts les&hellip;<\/p>\n","protected":false},"author":6,"featured_media":0,"parent":0,"menu_order":0,"comment_status":"closed","ping_status":"closed","template":"","meta":{"footnotes":""},"class_list":["post-261","page","type-page","status-publish","hentry"],"aioseo_notices":[],"a3_pvc":{"activated":true,"total_views":0,"today_views":0},"_links":{"self":[{"href":"https:\/\/madeleinedanielou.ci\/index.php\/wp-json\/wp\/v2\/pages\/261","targetHints":{"allow":["GET"]}}],"collection":[{"href":"https:\/\/madeleinedanielou.ci\/index.php\/wp-json\/wp\/v2\/pages"}],"about":[{"href":"https:\/\/madeleinedanielou.ci\/index.php\/wp-json\/wp\/v2\/types\/page"}],"author":[{"embeddable":true,"href":"https:\/\/madeleinedanielou.ci\/index.php\/wp-json\/wp\/v2\/users\/6"}],"replies":[{"embeddable":true,"href":"https:\/\/madeleinedanielou.ci\/index.php\/wp-json\/wp\/v2\/comments?post=261"}],"version-history":[{"count":89,"href":"https:\/\/madeleinedanielou.ci\/index.php\/wp-json\/wp\/v2\/pages\/261\/revisions"}],"predecessor-version":[{"id":6870,"href":"https:\/\/madeleinedanielou.ci\/index.php\/wp-json\/wp\/v2\/pages\/261\/revisions\/6870"}],"wp:attachment":[{"href":"https:\/\/madeleinedanielou.ci\/index.php\/wp-json\/wp\/v2\/media?parent=261"}],"curies":[{"name":"wp","href":"https:\/\/api.w.org\/{rel}","templated":true}]}}