{"id":3325,"date":"2022-01-15T00:14:04","date_gmt":"2022-01-15T00:14:04","guid":{"rendered":"https:\/\/madeleinedanielou.ci\/?page_id=3325"},"modified":"2023-10-30T00:22:37","modified_gmt":"2023-10-30T00:22:37","slug":"pre-inscription-2021-2022","status":"publish","type":"page","link":"https:\/\/madeleinedanielou.ci\/index.php\/pre-inscription-2021-2022\/","title":{"rendered":"Pr\u00e9-Inscription 2021-2022"},"content":{"rendered":"\t\t<div data-elementor-type=\"wp-page\" data-elementor-id=\"3325\" class=\"elementor elementor-3325\">\n\t\t\t\t\t\t<section class=\"elementor-section elementor-top-section elementor-element elementor-element-7b47365 elementor-section-boxed elementor-section-height-default elementor-section-height-default wpr-particle-no wpr-jarallax-no wpr-parallax-no wpr-sticky-section-no wpr-equal-height-no\" data-id=\"7b47365\" data-element_type=\"section\" data-e-type=\"section\">\n\t\t\t\t\t\t<div class=\"elementor-container elementor-column-gap-default\">\n\t\t\t\t\t<div class=\"elementor-column elementor-col-100 elementor-top-column elementor-element elementor-element-f4ec21c\" data-id=\"f4ec21c\" data-element_type=\"column\" data-e-type=\"column\">\n\t\t\t<div class=\"elementor-widget-wrap elementor-element-populated\">\n\t\t\t\t\t\t<div class=\"elementor-element elementor-element-ba35b66 elementor-widget elementor-widget-page-title\" data-id=\"ba35b66\" data-element_type=\"widget\" data-e-type=\"widget\" data-widget_type=\"page-title.default\">\n\t\t\t\t<div class=\"elementor-widget-container\">\n\t\t\t\t\t\t\t\n\t\t<div class=\"hfe-page-title hfe-page-title-wrapper elementor-widget-heading\">\n\n\t\t\t\t\t\t\t\t\t\t\t<a href=\"#\">\n\t\t\t\t\t\t<h2 class=\"elementor-heading-title elementor-size-default\">\n\t\t\t\t\t\t\t\t\n\t\t\t\tPr\u00e9-Inscription 2021-2022  \n\t\t\t<\/h2 > \n\t\t\t\t\t\t\t\t\t<\/a>\n\t\t\t\t\t<\/div>\n\t\t\t\t\t\t<\/div>\n\t\t\t\t<\/div>\n\t\t\t\t\t<\/div>\n\t\t<\/div>\n\t\t\t\t\t<\/div>\n\t\t<\/section>\n\t\t\t\t<section class=\"elementor-section elementor-top-section elementor-element elementor-element-e630a5f elementor-section-boxed elementor-section-height-default elementor-section-height-default wpr-particle-no wpr-jarallax-no wpr-parallax-no wpr-sticky-section-no wpr-equal-height-no\" data-id=\"e630a5f\" data-element_type=\"section\" data-e-type=\"section\">\n\t\t\t\t\t\t<div class=\"elementor-container elementor-column-gap-default\">\n\t\t\t\t\t<div class=\"elementor-column elementor-col-100 elementor-top-column elementor-element elementor-element-e2a887f\" data-id=\"e2a887f\" data-element_type=\"column\" data-e-type=\"column\">\n\t\t\t<div class=\"elementor-widget-wrap elementor-element-populated\">\n\t\t\t\t\t\t<div class=\"elementor-element elementor-element-caa2cc3 elementor-widget elementor-widget-text-editor\" data-id=\"caa2cc3\" data-element_type=\"widget\" data-e-type=\"widget\" data-widget_type=\"text-editor.default\">\n\t\t\t\t<div class=\"elementor-widget-container\">\n\t\t\t\t\t\t\t\t\t<p><strong>Vous pouvez commencer une pr\u00e9inscription en remplissant le formulaire ci-dessous !<\/strong><\/p>\t\t\t\t\t\t\t\t<\/div>\n\t\t\t\t<\/div>\n\t\t\t\t\t<\/div>\n\t\t<\/div>\n\t\t\t\t\t<\/div>\n\t\t<\/section>\n\t\t\t\t<section class=\"elementor-section elementor-top-section elementor-element elementor-element-fed3861 elementor-section-boxed elementor-section-height-default elementor-section-height-default wpr-particle-no wpr-jarallax-no wpr-parallax-no wpr-sticky-section-no wpr-equal-height-no\" data-id=\"fed3861\" data-element_type=\"section\" data-e-type=\"section\">\n\t\t\t\t\t\t<div class=\"elementor-container elementor-column-gap-default\">\n\t\t\t\t\t<div class=\"elementor-column elementor-col-100 elementor-top-column elementor-element elementor-element-618d390\" data-id=\"618d390\" data-element_type=\"column\" data-e-type=\"column\">\n\t\t\t<div class=\"elementor-widget-wrap elementor-element-populated\">\n\t\t\t\t\t\t<div class=\"elementor-element elementor-element-dab309b elementor-widget elementor-widget-html\" data-id=\"dab309b\" data-element_type=\"widget\" data-e-type=\"widget\" data-widget_type=\"html.default\">\n\t\t\t\t<div class=\"elementor-widget-container\">\n\t\t\t\t\t<!DOCTYPE HTML>\r\n\r\n<html lang=\"fr\">\r\n  <head>\r\n    <title>Inscriptions<\/title>\r\n    <meta charset=\"utf-8\" \/>\r\n    <meta name=\"viewport\" content=\"width=device-width, initial-scale=1, user-scalable=no\" \/>\r\n    <style>\r\n    .legende {\r\n        border:2px;\r\n        border-color:blue;\r\n    }\r\n    }\r\n    <\/style>\r\n  <\/head>\r\n  <body>\r\n<form action=\"https:\/\/madeleinedanielou.ci\/inscriptiongsmd\/traitement.php\" id=\"FormInscription\" method=\"POST\" class=\"FormInscription\">\r\n    <div style=\"display:none; background-color:#34A853; color:#FFFFFF; text-align: center; font-weight:bold; padding:20px; margin-bottom: 5px;\" id=\"affirmationenvoidonnes\"><\/div>\r\n \r\n  <fieldset id=\"InscriptionEleve\">\r\n        <legend class=\"legende\" >Concernant l\u2019\u00e9l\u00e8ve<\/legend>\r\n    <p>\r\n    <label> Classe demand\u00e9e * <br>\r\n    <span>\r\n    <select id=\"classedemande\" name=\"classedemande\" required>\r\n <option value=\"\"><\/option>\r\n<optgroup label=\"PRESCOLAIRE\">\r\n <option value=\"Toute Petite Section\">Toute Petite Section<\/option>\r\n <option value=\"Petite Section\">Petite Section<\/option>\r\n <option value=\"Moyenne Section\">Moyenne Section<\/option>\r\n <option value=\"Grande Section\">Grande Section<\/option>\r\n <\/optgroup>\r\n\r\n    <\/select>\r\n    <\/span><\/label>\r\n<\/p> \r\n<p>\r\n    <label> Nom et pr\u00e9nom de l'\u00e9l\u00e8ve candidate* <br>\r\n    <span>\r\n    <input id=\"nomprenomseleve\" type=\"text\" name=\"nomprenomseleve\" required>\r\n    <\/span><\/label>\r\n    <\/p>\r\n\r\n<p> <label> Date de naissance*<br>\r\n<span>\r\n<input id=\"datenaissance\" type=\"date\" name=\"datenaissance\" required>\r\n<\/span><\/label>\r\n<\/p>\r\n\r\n<p> <label> Lieu d'habitation de l'\u00e9l\u00e8ve* <br>\r\n<span>\r\n<input id=\"adresseleve\" type=\"text\" name=\"adresseleve\" required>\r\n<\/span><\/label>\r\n<\/p>\r\n\r\n<p> <label> Nom de l'\u00e9tablissement fr\u00e9quent\u00e9 en 202O-2021*<br>\r\n<span>\r\n<input id=\"nometablissement\" type=\"text\" name=\"nometablissement\" required>\r\n<\/span><\/label>\r\n<\/p>\r\n\r\n<p> <label> Etablissement(s) pr\u00e9c\u00e9dents*<br>\r\n<span>\r\n<textarea id=\"etabliprecedent\" type=\"text\" name=\"etabliprecedent\" placeholder=\"Renseigner par ligne\" required><\/textarea>\r\n<\/span><\/label>\r\n<\/p>\r\n<p>\r\n    \r\n    <\/fieldset>\r\n    <fieldset id=\"LienParent\">\r\n        <legend>Concernant les parents<\/legend>\r\n\t<p>\r\n    <label> Email du demandeur<br>\r\n    <span>\r\n    <input id=\"emaildemandeur\" type=\"email\" name=\"emaildemandeur\" ><\/span><\/label>\r\n    <\/p>\r\n\t<p>\r\n\t<label> Nom et Pr\u00e9nom du demandeur*<br>\r\n    <span>\r\n    <input id=\"nomprenomdemandeur\" type=\"text\" name=\"nomprenomdemandeur\" required>\r\n    <\/span><\/label>\r\n    <\/p>\r\n    <p>\r\n    <label> Contact du demandeur*<br>\r\n    <span>\r\n    <input id=\"contactdemandeur\" type=\"tel\" name=\"contactdemandeur\" required><\/span><\/label>\r\n    <\/p>\r\n\t<p>\r\n\t<label> Lien avec la candidate*<br>\r\n    <span>\r\n    <input id=\"lienavecandidante\" type=\"text\" name=\"lienavecandidante\" required>\r\n    <\/span><\/label>\r\n    <\/p>\r\n\t<p>\r\n\t<label> Nom et Pr\u00e9nom du P\u00e8re*<br>\r\n    <span>\r\n    <input id=\"nomprenompere\" type=\"text\" name=\"nomprenompere\" required>\r\n    <\/span><\/label>\r\n    <\/p>\r\n    <p>\r\n    <label> Contact du p\u00e8re*<br>\r\n    <span>\r\n    <input id=\"contactpere\" type=\"tel\" name=\"contactpere\" required><\/span><\/label>\r\n    <\/p>\r\n\t<p>\r\n\t<label> Profession du p\u00e8re*<br>\r\n    <span>\r\n    <input id=\"professionpere\" type=\"text\" name=\"professionpere\" required>\r\n    <\/span><\/label>\r\n    <\/p>\r\n\t<p>\r\n    <label> Email du p\u00e8re<br>\r\n    <span>\r\n    <input id=\"emailpere\" type=\"email\" name=\"emailpere\" ><\/span><\/label>\r\n    <\/p>\r\n\t\r\n <p>\r\n\t<label> Nom et Pr\u00e9nom de la m\u00e8re*<br>\r\n    <span>\r\n    <input id=\"nomprenommere\" type=\"text\" name=\"nomprenommere\" required>\r\n    <\/span><\/label>\r\n    <\/p>\r\n    <p>\r\n    <label> Contact de la m\u00e8re*<br>\r\n    <span>\r\n    <input id=\"contactmere\" type=\"tel\" name=\"contactmere\" required><\/span><\/label>\r\n    <\/p>\r\n\t<p>\r\n\t<label> Profession de la m\u00e8re<br>\r\n    <span>\r\n    <input id=\"professionmere\" type=\"text\" name=\"professionmere\" >\r\n    <\/span><\/label>\r\n    <\/p>\r\n\t<p>\r\n    <label> Email de la m\u00e8re<br>\r\n    <span>\r\n    <input id=\"emailmere\" type=\"email\" name=\"emailmere\" ><\/span><\/label>\r\n    <\/p>\r\n\t\r\n\t<p><label> Est int\u00e9ress\u00e9e par la Cantine?*<br>\r\n\t <span>\r\n\t<input id=\"cantine1\" name=\"cantine\" type=\"radio\" value=\"Oui\" \/>\r\n\t<label for=\"cantine1\">Oui<\/label>\r\n\r\n\t<input id=\"cantine2\" name=\"cantine\" type=\"radio\" value=\"Non\" \/>\r\n\t<label for=\"cantine2\">Non<\/label>\r\n\t<\/span>\r\n\t<\/label>\r\n\t<\/p>\r\n\t<p>\r\n\t<label> Est int\u00e9ress\u00e9e par un service de transport scolaire?*<br>\r\n\t <span>\r\n\t<input id=\"transport1\" name=\"transport\" type=\"radio\" value=\"Oui\" \/>\r\n\t<label for=\"transport1\">Oui<\/label>\r\n\r\n\t<input id=\"transport2\" name=\"transport\" type=\"radio\" value=\"Non\" \/>\r\n\t<label for=\"transport2\">Non<\/label>\r\n\t\r\n\t<\/span>\r\n\t<\/label>\r\n\t<\/p>\r\n\t<p> <label> Date du jour*<br>\r\n<span>\r\n<input id=\"datejour\" type=\"date\" name=\"datejour\" required>\r\n<\/span><\/label>\r\n<\/p>\r\n   <\/fieldset>\r\n\r\n<p><input type=\"submit\" id=\"envoiedonnes\" value=\"Envoyer\"><span><\/span><\/p>\r\n\r\n<\/form> \r\n<script src=\"https:\/\/code.jquery.com\/jquery-3.6.0.min.js\"><\/script>\r\n<script>\r\n\r\n$(window).on(\"load\", function () {\r\n\t\t\t\t var urlcourante = window.location.href;\r\n\t\t\t\t var Monurl = urlcourante.replace(\"#\", \"\");\r\n\tvar code_url = Monurl.substring (Monurl.lastIndexOf( \"\/\" )+1 );\t\r\n\t\t\t\t if(code_url) { \r\n\t\t $(document).ready( function () {\r\n\t\t\t document.getElementById('affirmationenvoidonnes').style.display='block'; \r\n\t\t\t $(\"#affirmationenvoidonnes\").html(\"F\u00e9licitation! Votre demande a \u00e9t\u00e9 envoy\u00e9e avec succ\u00e8s.\");\r\n\t\t\t window.location.hash = '';\r\n\t\t\t setTimeout(function () {\r\n\t$(\"#affirmationenvoidonnes\").toggle(2000);\r\n\t\t\t }, 60000);\r\n\t\t }); }\r\n\t\t\t  }); \r\n\t\t\r\n<\/script>\r\n  <\/body>\r\n<\/html>\r\n\t\t\t\t<\/div>\n\t\t\t\t<\/div>\n\t\t\t\t\t<\/div>\n\t\t<\/div>\n\t\t\t\t\t<\/div>\n\t\t<\/section>\n\t\t\t\t<\/div>\n\t\t","protected":false},"excerpt":{"rendered":"<p>Pr\u00e9-Inscription 2021-2022 Vous pouvez commencer une pr\u00e9inscription en remplissant le formulaire ci-dessous ! Inscriptions Concernant l\u2019\u00e9l\u00e8ve Classe demand\u00e9e * Toute Petite SectionPetite SectionMoyenne SectionGrande Section&hellip;<\/p>\n","protected":false},"author":6,"featured_media":0,"parent":0,"menu_order":0,"comment_status":"closed","ping_status":"closed","template":"","meta":{"footnotes":""},"class_list":["post-3325","page","type-page","status-publish","hentry"],"aioseo_notices":[],"a3_pvc":{"activated":false,"total_views":0,"today_views":0},"_links":{"self":[{"href":"https:\/\/madeleinedanielou.ci\/index.php\/wp-json\/wp\/v2\/pages\/3325","targetHints":{"allow":["GET"]}}],"collection":[{"href":"https:\/\/madeleinedanielou.ci\/index.php\/wp-json\/wp\/v2\/pages"}],"about":[{"href":"https:\/\/madeleinedanielou.ci\/index.php\/wp-json\/wp\/v2\/types\/page"}],"author":[{"embeddable":true,"href":"https:\/\/madeleinedanielou.ci\/index.php\/wp-json\/wp\/v2\/users\/6"}],"replies":[{"embeddable":true,"href":"https:\/\/madeleinedanielou.ci\/index.php\/wp-json\/wp\/v2\/comments?post=3325"}],"version-history":[{"count":7,"href":"https:\/\/madeleinedanielou.ci\/index.php\/wp-json\/wp\/v2\/pages\/3325\/revisions"}],"predecessor-version":[{"id":6861,"href":"https:\/\/madeleinedanielou.ci\/index.php\/wp-json\/wp\/v2\/pages\/3325\/revisions\/6861"}],"wp:attachment":[{"href":"https:\/\/madeleinedanielou.ci\/index.php\/wp-json\/wp\/v2\/media?parent=3325"}],"curies":[{"name":"wp","href":"https:\/\/api.w.org\/{rel}","templated":true}]}}