{"id":3529,"date":"2022-01-19T13:43:02","date_gmt":"2022-01-19T13:43:02","guid":{"rendered":"https:\/\/madeleinedanielou.ci\/?page_id=3529"},"modified":"2023-10-30T00:13:30","modified_gmt":"2023-10-30T00:13:30","slug":"cantine-et-transport","status":"publish","type":"page","link":"https:\/\/madeleinedanielou.ci\/index.php\/cantine-et-transport\/","title":{"rendered":"Cantine et Transport"},"content":{"rendered":"\t\t<div data-elementor-type=\"wp-page\" data-elementor-id=\"3529\" class=\"elementor elementor-3529\">\n\t\t\t\t\t\t<section class=\"elementor-section elementor-top-section elementor-element elementor-element-7b47365 elementor-section-boxed elementor-section-height-default elementor-section-height-default wpr-particle-no wpr-jarallax-no wpr-parallax-no wpr-sticky-section-no\" data-id=\"7b47365\" data-element_type=\"section\" data-e-type=\"section\">\n\t\t\t\t\t\t<div class=\"elementor-container elementor-column-gap-default\">\n\t\t\t\t\t<div class=\"elementor-column elementor-col-100 elementor-top-column elementor-element elementor-element-f4ec21c\" data-id=\"f4ec21c\" data-element_type=\"column\" data-e-type=\"column\">\n\t\t\t<div class=\"elementor-widget-wrap elementor-element-populated\">\n\t\t\t\t\t\t<div class=\"elementor-element elementor-element-ba35b66 elementor-widget elementor-widget-page-title\" data-id=\"ba35b66\" data-element_type=\"widget\" data-e-type=\"widget\" data-widget_type=\"page-title.default\">\n\t\t\t\t<div class=\"elementor-widget-container\">\n\t\t\t\t\t\t\t\n\t\t<div class=\"hfe-page-title hfe-page-title-wrapper elementor-widget-heading\">\n\n\t\t\t\t\t\t\t\t\t\t\t<a href=\"#\">\n\t\t\t\t\t\t<h2 class=\"elementor-heading-title elementor-size-default\">\n\t\t\t\t\t\t\t\t\n\t\t\t\tCantine et Transport  \n\t\t\t<\/h2 > \n\t\t\t\t\t\t\t\t\t<\/a>\n\t\t\t\t\t<\/div>\n\t\t\t\t\t\t<\/div>\n\t\t\t\t<\/div>\n\t\t\t\t\t<\/div>\n\t\t<\/div>\n\t\t\t\t\t<\/div>\n\t\t<\/section>\n\t\t\t\t<section class=\"elementor-section elementor-top-section elementor-element elementor-element-fed3861 elementor-section-boxed elementor-section-height-default elementor-section-height-default wpr-particle-no wpr-jarallax-no wpr-parallax-no wpr-sticky-section-no\" data-id=\"fed3861\" data-element_type=\"section\" data-e-type=\"section\">\n\t\t\t\t\t\t<div class=\"elementor-container elementor-column-gap-default\">\n\t\t\t\t\t<div class=\"elementor-column elementor-col-100 elementor-top-column elementor-element elementor-element-618d390\" data-id=\"618d390\" data-element_type=\"column\" data-e-type=\"column\">\n\t\t\t<div class=\"elementor-widget-wrap elementor-element-populated\">\n\t\t\t\t\t\t<div class=\"elementor-element elementor-element-dab309b elementor-widget elementor-widget-html\" data-id=\"dab309b\" data-element_type=\"widget\" data-e-type=\"widget\" data-widget_type=\"html.default\">\n\t\t\t\t<div class=\"elementor-widget-container\">\n\t\t\t\t\t<!DOCTYPE HTML>\n\n<html lang=\"fr\">\n  <head>\n    <title>Inscriptions<\/title>\n    <meta charset=\"utf-8\" \/>\n    <meta name=\"viewport\" content=\"width=device-width, initial-scale=1, user-scalable=no\" \/>\n        <style>\n    .legende {\n        border:2px;\n        border-color:blue;\n    }\n    }\n    <\/style>\n  <\/head>\n  <body>\n<form id=\"FormInscription\" name=\"FormInscription\" action=\"https:\/\/madeleinedanielou.ci\/inscriptiongsmd\/cantinetransport.php\"  method=\"POST\" class=\"FormInscription\" enctype=\"multipart\/form-data\">\n    <div style=\"display:none; background-color:#34A853; color:#FFFFFF; text-align: center; font-weight:bold; padding:20px; margin-bottom: 5px;\" id=\"affirmationenvoidonnes\"><\/div>\n  <fieldset>\n        <legend style=\"text-transform: uppercase; text-align:center;\">Identification<\/legend>\n\t<p> <label style=\"font-weight: bold;\">Ann\u00e9e scolaire*<\/label><br>\n<span>\n<select id=\"anneescolaire\" name=\"anneescolaire\" required>\n <option value=\"2021-2022\">2021-2022<\/option>\n <option value=\"2022-2023\" selected>2022-2023<\/option>\n \n    <\/select>\n<\/span>\n<\/p>\n<p>\n    <label style=\"font-weight: bold;\"> Nom et pr\u00e9nom de l'\u00e9l\u00e8ve* <\/label><br>\n    <span>\n    <input id=\"nomprenomseleve\" type=\"text\" name=\"nomprenomseleve\" required>\n    <\/span>\n<\/p>\n<p>\n<span style=\"margin-right:10px;\">\n\t<input id=\"anciennete1\" name=\"anciennete\" type=\"radio\" value=\"Ancienne \u00e9l\u00e8ve\" \/>\n\t<label for=\"anciennete1\">Ancienne \u00e9l\u00e8ve<\/label>\n<\/span>\n\n<span style=\"margin-left:10px;\">\n\t<input id=\"anciennete2\" name=\"anciennete\" type=\"radio\" value=\"Nouvelle \u00e9l\u00e8ve\" \/>\n\t<label for=\"anciennete2\">Nouvelle \u00e9l\u00e8ve<\/label>\n<\/span>\n<\/p>\n<p>\n    <label style=\"font-weight: bold;\"> Classe de l'\u00e9l\u00e8ve * <\/label><br>\n    <span>\n    <select id=\"classedemande\" name=\"classedemande\" required>\n <option value=\"\"><\/option>\n<optgroup id=\"prescolaireID\" label=\"PRESCOLAIRE\">\n <option value=\"Toute Petite Section\">Toute Petite Section<\/option>\n <option value=\"Petite Section\">Petite Section<\/option>\n <option value=\"Moyenne Section\">Moyenne Section<\/option>\n <option value=\"Grande Section\">Grande Section<\/option>\n <\/optgroup>\n<optgroup id=\"primaireID\" label =\"PRIMAIRE\">\n <option value=\"CP1\">CP1<\/option>\n <option value=\"CP2\">CP2<\/option>\n <option value=\"CE1\">CE1<\/option>\n <option value=\"CE2\">CE2<\/option>\n <option value=\"CM1\">CM1<\/option>\n <option value=\"CM2\">CM2<\/option>\n<\/optgroup>\n\n<optgroup id=\"collegeID\" label=\"COLLEGE\">\n<option value=\"Sixi\u00e8me\">Sixi\u00e8me<\/option>\n<option value=\"Cinqui\u00e8me\">Cinqui\u00e8me<\/option>\n<option value=\"Quatri\u00e8me\">Quatri\u00e8me<\/option>\n<option value=\"Troisi\u00e8me\">Troisi\u00e8me<\/option>\n<\/optgroup>\n<optgroup id=\"lyceeID\" label=\"LYCEE\">\n<option value=\"Seconde A\">Seconde A<\/option>\n<option value=\"Seconde C\">Seconde C<\/option>\n<option value=\"Premi\u00e8re A\">Premi\u00e8re A<\/option> <option value=\"Prem\u00e8re C\">Premi\u00e8re C<\/option>\n<option value=\"Premi\u00e8re D\">Premi\u00e8re D <\/option>\n<option value=\"Terminale A1\">Terminale A1 <\/option>\n<option value=\"Terminale A2\">Terminale A2 <\/option>\n<option value=\"Terminale C\">Terminale C <\/option>\n<option value=\"Terminale D\">Terminale D <\/option>\n\n<\/optgroup>\n\n    <\/select>\n    <\/span>\n<\/p>\n<p>\n\t<label style=\"font-weight: bold;\"> Nom et Pr\u00e9nom du P\u00e8re*<\/label><br>\n    <span>\n    <input id=\"nomprenompere\" type=\"text\" name=\"nomprenompere\" required>\n    <\/span>\n<\/p> \n<p>\n    <label style=\"font-weight: bold;\"> Contact du p\u00e8re*<br>\n    <span>\n    <input id=\"contactpere\" type=\"tel\" name=\"contactpere\" required><\/span><\/label>\n<\/p>\n\n <p>\n    <label style=\"font-weight: bold;\"> Email du p\u00e8re<\/label><br>\n    <span>\n    <input id=\"emailparentpere\" type=\"email\" name=\"emailparentpere\" ><\/span>\n    <\/p>\n\t\n <p>\n\t<label style=\"font-weight: bold;\"> Nom et Pr\u00e9nom de la m\u00e8re*<\/label><br>\n    <span>\n    <input id=\"nomprenommere\" type=\"text\" name=\"nomprenommere\" required>\n    <\/span>\n    <\/p>\n    <p>\n    <label style=\"font-weight: bold;\"> Contact de la m\u00e8re*<br>\n    <span>\n    <input id=\"contactmere\" type=\"tel\" name=\"contactmere\" required><\/span><\/label>\n    <\/p>\n    <p>\n    <label style=\"font-weight: bold;\"> Email de la m\u00e8re<\/label><br>\n    <span>\n    <input id=\"emailparentmere\" type=\"email\" name=\"emailparentmere\" ><\/span>\n    <\/p>\n   <\/fieldset>\n  <fieldset>\n        <h3 style=\"text-transform: uppercase; text-align:center;font-weight:bold\">A - Concernant la cantine <\/h3>\n\n<h3>J\u2019inscris ma fille \u00e0 la cantine*<\/h3>\n\t <span>\n\t<input id=\"cantine1\" name=\"cantine\" type=\"radio\" value=\"Oui\" \/>\n\t<label for=\"cantine1\">Oui<\/label>\n\n\t<input id=\"cantine2\" name=\"cantine\" type=\"radio\" value=\"Non\" style=\"margin-left:10px;\" \/>\n\t<label for=\"cantine2\">Non<\/label>\n\t<\/span>\n\t<br><br>\n\t<p style=\"text-align:center\">Le paiement  doit \u00eatre fait avant la rentr\u00e9e\npar ch\u00e8que au nom de l'AGSMD ou vers\u00e9 sur notre compte \u00e0 la Banque Populaire<br>\nCI155 01201 013300000001 34<\/p>\n\t\n\t<div id=\"seulcantineID\">\n<span style=\"color:orange;\">- le re\u00e7u de paiement pour la cantine (PDF)<\/span><br>\n<input type=\"file\" id=\"filecantine\" name=\"filecantine\" onchange=\"return validationFichiercantine()\" style=\"cursor:pointer;  padding-top:5px; margin-bottom:10px;\" accept=\".pdf\" required=\"\"><span id=\"validLettre\"><\/span>\n<\/div>\n\n <\/fieldset>\n\n \n\n<p><input type=\"submit\" id=\"envoiedonnes\" value=\"Envoyer\"><\/p>\n\n<\/form> \n<script src=\"https:\/\/code.jquery.com\/jquery-3.6.0.min.js\"><\/script>\n<script src=\"https:\/\/cdnjs.cloudflare.com\/ajax\/libs\/jquery\/3.0.0\/jquery.js\"><\/script>\n<script src=\"\/inscriptiongsmd\/conditionfilescantine.js\"><\/script>\n<script src=\"\/inscriptiongsmd\/retourenvoicantine.js\"><\/script>\n\n\n\n <\/body>\n<\/html>\n\t\t\t\t<\/div>\n\t\t\t\t<\/div>\n\t\t\t\t\t<\/div>\n\t\t<\/div>\n\t\t\t\t\t<\/div>\n\t\t<\/section>\n\t\t\t\t<\/div>\n\t\t","protected":false},"excerpt":{"rendered":"<p>Cantine et Transport Inscriptions Identification Ann\u00e9e scolaire* 2021-20222022-2023 Nom et pr\u00e9nom de l&rsquo;\u00e9l\u00e8ve* Ancienne \u00e9l\u00e8ve Nouvelle \u00e9l\u00e8ve Classe de l&rsquo;\u00e9l\u00e8ve * Toute Petite SectionPetite SectionMoyenne&hellip;<\/p>\n","protected":false},"author":3,"featured_media":0,"parent":0,"menu_order":0,"comment_status":"closed","ping_status":"closed","template":"","meta":{"footnotes":""},"class_list":["post-3529","page","type-page","status-publish","hentry"],"aioseo_notices":[],"a3_pvc":{"activated":false,"total_views":0,"today_views":0},"_links":{"self":[{"href":"https:\/\/madeleinedanielou.ci\/index.php\/wp-json\/wp\/v2\/pages\/3529","targetHints":{"allow":["GET"]}}],"collection":[{"href":"https:\/\/madeleinedanielou.ci\/index.php\/wp-json\/wp\/v2\/pages"}],"about":[{"href":"https:\/\/madeleinedanielou.ci\/index.php\/wp-json\/wp\/v2\/types\/page"}],"author":[{"embeddable":true,"href":"https:\/\/madeleinedanielou.ci\/index.php\/wp-json\/wp\/v2\/users\/3"}],"replies":[{"embeddable":true,"href":"https:\/\/madeleinedanielou.ci\/index.php\/wp-json\/wp\/v2\/comments?post=3529"}],"version-history":[{"count":670,"href":"https:\/\/madeleinedanielou.ci\/index.php\/wp-json\/wp\/v2\/pages\/3529\/revisions"}],"predecessor-version":[{"id":6834,"href":"https:\/\/madeleinedanielou.ci\/index.php\/wp-json\/wp\/v2\/pages\/3529\/revisions\/6834"}],"wp:attachment":[{"href":"https:\/\/madeleinedanielou.ci\/index.php\/wp-json\/wp\/v2\/media?parent=3529"}],"curies":[{"name":"wp","href":"https:\/\/api.w.org\/{rel}","templated":true}]}}