{"id":6243,"date":"2023-02-28T09:41:20","date_gmt":"2023-02-28T09:41:20","guid":{"rendered":"https:\/\/madeleinedanielou.ci\/?page_id=6243"},"modified":"2026-03-01T02:16:56","modified_gmt":"2026-03-01T02:16:56","slug":"pre-inscription-mars-2026-2027","status":"publish","type":"page","link":"https:\/\/madeleinedanielou.ci\/index.php\/pre-inscription-mars-2026-2027\/","title":{"rendered":"Pr\u00e9-Inscription 2026 &#8211; 2027"},"content":{"rendered":"\t\t<div data-elementor-type=\"wp-page\" data-elementor-id=\"6243\" class=\"elementor elementor-6243\">\n\t\t\t\t\t\t<section class=\"elementor-section elementor-top-section elementor-element elementor-element-7b47365 elementor-section-boxed elementor-section-height-default elementor-section-height-default wpr-particle-no wpr-jarallax-no wpr-parallax-no wpr-sticky-section-no\" data-id=\"7b47365\" data-element_type=\"section\" data-e-type=\"section\">\n\t\t\t\t\t\t<div class=\"elementor-container elementor-column-gap-default\">\n\t\t\t\t\t<div class=\"elementor-column elementor-col-100 elementor-top-column elementor-element elementor-element-f4ec21c\" data-id=\"f4ec21c\" data-element_type=\"column\" data-e-type=\"column\">\n\t\t\t<div class=\"elementor-widget-wrap elementor-element-populated\">\n\t\t\t\t\t\t<div class=\"elementor-element elementor-element-ba35b66 elementor-widget elementor-widget-page-title\" data-id=\"ba35b66\" data-element_type=\"widget\" data-e-type=\"widget\" data-widget_type=\"page-title.default\">\n\t\t\t\t<div class=\"elementor-widget-container\">\n\t\t\t\t\t\t\t\n\t\t<div class=\"hfe-page-title hfe-page-title-wrapper elementor-widget-heading\">\n\n\t\t\t\t\t\t\t\t\t\t\t<a href=\"#\">\n\t\t\t\t\t\t<h2 class=\"elementor-heading-title elementor-size-default\">\n\t\t\t\t\t\t\t\t\n\t\t\t\tPr\u00e9-Inscription 2026 &#8211; 2027  \n\t\t\t<\/h2 > \n\t\t\t\t\t\t\t\t\t<\/a>\n\t\t\t\t\t<\/div>\n\t\t\t\t\t\t<\/div>\n\t\t\t\t<\/div>\n\t\t\t\t\t<\/div>\n\t\t<\/div>\n\t\t\t\t\t<\/div>\n\t\t<\/section>\n\t\t\t\t<section class=\"elementor-section elementor-top-section elementor-element elementor-element-11696cd elementor-section-boxed elementor-section-height-default elementor-section-height-default wpr-particle-no wpr-jarallax-no wpr-parallax-no wpr-sticky-section-no\" data-id=\"11696cd\" data-element_type=\"section\" data-e-type=\"section\">\n\t\t\t\t\t\t<div class=\"elementor-container elementor-column-gap-default\">\n\t\t\t\t\t<div class=\"elementor-column elementor-col-100 elementor-top-column elementor-element elementor-element-b46f220\" data-id=\"b46f220\" data-element_type=\"column\" data-e-type=\"column\">\n\t\t\t<div class=\"elementor-widget-wrap elementor-element-populated\">\n\t\t\t\t\t\t<div class=\"elementor-element elementor-element-4b88eb2 elementor-widget elementor-widget-text-editor\" data-id=\"4b88eb2\" data-element_type=\"widget\" data-e-type=\"widget\" data-widget_type=\"text-editor.default\">\n\t\t\t\t<div class=\"elementor-widget-container\">\n\t\t\t\t\t\t\t\t\t<p>A partir du 1er Mars, vous pouvez commencer les pr\u00e9inscriptions en remplissant le formulaire ci-dessous:<\/p><ul><li>Afin de favoriser une collaboration harmonieuse, nous vous invitons \u00e0 lire attentivement <a href=\"\/index.php\/projet-educatif\/\" target=\"_blank\" rel=\"noopener\">le projet \u00e9ducatif<\/a> et <a href=\"\/index.php\/reglement\/\" target=\"_blank\" rel=\"noopener\">le r\u00e8glement int\u00e9rieur<\/a>.<\/li><li>D\u00e8s que possible, vous recevrez une invitation \u00e0 un entretien, auquel vous viendrez accompagn\u00e9 de votre (vos) fille(s).<\/li><li>Le jour de votre premier rendez-vous \u00e0 Dani\u00e9lou, merci d\u2019apporter le dossier au format papier, comprenant l\u2019ensemble des pi\u00e8ces jointes demand\u00e9es ci-dessous, soigneusement rang\u00e9es dans une pochette transparente \u00e0 coin.<\/li><li>Selon les niveaux de classe, les candidates seront convi\u00e9es \u00e0 un test.<\/li><li>L&rsquo;inscription d\u00e9finitive se fera au vu du r\u00e9sultat du test.<\/li><\/ul>\t\t\t\t\t\t\t\t<\/div>\n\t\t\t\t<\/div>\n\t\t\t\t\t<\/div>\n\t\t<\/div>\n\t\t\t\t\t<\/div>\n\t\t<\/section>\n\t\t\t\t<section class=\"elementor-section elementor-top-section elementor-element elementor-element-e630a5f elementor-section-boxed elementor-section-height-default elementor-section-height-default wpr-particle-no wpr-jarallax-no wpr-parallax-no wpr-sticky-section-no\" data-id=\"e630a5f\" data-element_type=\"section\" data-e-type=\"section\">\n\t\t\t\t\t\t<div class=\"elementor-container elementor-column-gap-default\">\n\t\t\t\t\t<div class=\"elementor-column elementor-col-100 elementor-top-column elementor-element elementor-element-e2a887f\" data-id=\"e2a887f\" data-element_type=\"column\" data-e-type=\"column\">\n\t\t\t<div class=\"elementor-widget-wrap elementor-element-populated\">\n\t\t\t\t\t\t<div class=\"elementor-element elementor-element-dab309b elementor-widget-mobile__width-inherit elementor-widget elementor-widget-html\" data-id=\"dab309b\" data-element_type=\"widget\" data-e-type=\"widget\" data-widget_type=\"html.default\">\n\t\t\t\t<div class=\"elementor-widget-container\">\n\t\t\t\t\t<!DOCTYPE HTML>\r\n\r\n<html lang=\"fr\">\r\n  <head>\r\n    <title>Pr\u00e9-Inscription<\/title>\r\n    <meta charset=\"utf-8\" \/>\r\n    <meta name=\"viewport\" content=\"width=device-width, initial-scale=1, user-scalable=no\" \/>\r\n    <meta http-equiv=\"cache-control\" content=\"no-cache, no-store, must-revalidate\">\r\n<meta http-equiv=\"pragma\" content=\"no-cache\">\r\n<meta http-equiv=\"expires\" content=\"0\">\r\n<script src=\"https:\/\/www.google.com\/recaptcha\/api.js?render=6LfLdGYsAAAAAORffLMvQmNsivQ931YjQWVbvOwQ\"><\/script>\r\n<style>\r\n    .legende {\r\n        border:2px;\r\n        border-color:blue;\r\n    }\r\n<\/style>\r\n  <\/head>\r\n  <body>\r\n<form id=\"FormInscription\" name=\"FormInscription\" action=\"https:\/\/madeleinedanielou.ci\/inscriptiongsmd\/traitement.php\"  method=\"POST\" class=\"FormInscription\" enctype=\"multipart\/form-data\">\r\n<fieldset id=\"InscriptionEleve\">\r\n<legend style=\"text-transform: uppercase; text-align:center;\">Concernant l\u2019\u00e9l\u00e8ve<\/legend>\r\n<div style=\"padding: 10px\">\r\n<label style=\"font-weight: bold;\"> Classe demand\u00e9e * <\/label><br><small style=\"color: red;\">Nous ne prenons pas de Terminale<\/small>\r\n<div id=\"mysqlclassedemendeID\"><\/div>\r\n<br>\r\n<p style=\"display:none; font-weight:bold;text-align:center;color:red;\">Nous ne prenons pas actuellement de Terminale.<br>\r\n<small style=\"font-weight:bold;text-align:center;color:red;\">Les pr\u00e9inscriptions pour les classes de CE2, CM1, 6\u00e8me, 5\u00e8me,  4\u00e8me et 3\u00e8me sont indisponibles. Veuillez s\u2019il vous pla\u00eet contacter le 05 85 69 23 31 pour de plus amples informations.<\/small><\/p>\r\n<p><label style=\"font-weight: bold;\"> Nom et pr\u00e9nom de l'\u00e9l\u00e8ve candidate * <\/label><br>\r\n<span>\r\n<input id=\"nomprenomseleve\" type=\"text\" name=\"nomprenomseleve\" required>\r\n<\/span><\/p>\r\n<p id=\"labelmatricule_id\"><label style=\"font-weight: bold;\"> Matricule de l'\u00e9l\u00e8ve <\/label><br>\r\n<span>\r\n<input id=\"matriculeseleve\" style=\"width: 200px;\" type=\"text\" name=\"matriculeseleve\">\r\n<\/span><\/p>\r\n\r\n\r\n<p> <label style=\"font-weight: bold;\"> Date de naissance *<\/label><br>\r\n<span>\r\n<input id=\"datenaissance\" type=\"date\" name=\"datenaissance\" required>\r\n<\/span>\r\n<\/p>\r\n\r\n<p> <label style=\"font-weight: bold;\"> Lieu d'habitation de l'\u00e9l\u00e8ve * <br>\r\n<span>\r\n<input id=\"adresseleve\" type=\"text\" name=\"adresseleve\" required>\r\n<\/span><\/label>\r\n<\/p>\r\n\r\n<p> <label style=\"font-weight: bold;\"> Nom de l'\u00e9tablissement fr\u00e9quent\u00e9 en 2025-2026<\/label><br>\r\n<span>\r\n<input id=\"nometablissement\" type=\"text\" name=\"nometablissement\" required>\r\n<\/span>\r\n<\/p>\r\n\r\n<p><label style=\"font-weight: bold;\"> Etablissement(s) pr\u00e9c\u00e9dents<\/label><br>\r\n<span>\r\n<textarea id=\"etabliprecedent\" type=\"text\" style=\"width: 250px;\" name=\"etabliprecedent\" placeholder=\"Renseigner par ligne\" required><\/textarea>\r\n<\/span><\/p>\r\n<p style=\"text-align:center;font-weight:bold;\">Veuillez faire attention \u00e0 la taille de vos fichiers envoy\u00e9s en format PDF, ils ne doivent pas d\u00e9passer la taille de 5 Mo.<\/p>\r\n<p><label style=\"font-weight: bold;\"> Joindre les pi\u00e8ces constitutives du dossier : <\/label><br>(<a style=\"font-size: smaller;\" href=\"https:\/\/www.ilovepdf.com\/fr\/fusionner_pdf\" target=\"_blank\">Si n\u00e9cessaire, cliquer ici pour fusionner les documents pdf notamment les bulletins<\/a>  &#128515;)<\/p>\r\n<div id=\"seulmPhotosID\">\r\n<span style=\"color:orange; \"> - une photo d'identit\u00e9<\/span><br>\r\n<small style=\"font-style: italic;\"> une photo d'identit\u00e9 r\u00e9cente en couleur (jpg ou png)<\/small><br>\r\n<input type=\"file\" id=\"filephoto\" name=\"filephoto\" onchange=\"return validationFichierPhoto()\" style=\"cursor:pointer; padding-top:5px; margin-bottom:10px;\" accept=\".png, .jpg\" required=\"\"><span id=\"validPhoto\"><\/span>\r\n<\/div>\r\n<div id=\"seulmLettreMotivID\">\r\n<span style=\"color:orange;\">- la lettre de motivation des parents<\/span><br>\r\n<input type=\"file\" id=\"filelettremotivation\" name=\"filelettremotivation\" onchange=\"return validationFichierLettreMotivation()\" style=\"cursor:pointer;  padding-top:5px; margin-bottom:10px;\" accept=\".pdf\" required=\"\"><span id=\"validLettre\"><\/span>\r\n<\/div>\r\n<div id=\"seulmBulletinID\">\r\n<span style=\"color:orange;\"> - les bulletins scolaires de l\u2019ann\u00e9e en cours et de l\u2019ann\u00e9e pr\u00e9c\u00e9dente <\/span><br>\r\n<input type=\"file\" id=\"filelbulletins\" name=\"filelbulletins\" onchange=\"return validationFichierBulletins()\" style=\"cursor:pointer;  padding-top:5px; margin-bottom:10px;\" accept=\".pdf\" required=\"\"><span id=\"validBulletin\"><\/span>\r\n<\/div>\r\n<div id=\"seulmRecuID\">\r\n<span style=\"color:orange;\">- le re\u00e7u de paiement de la pr\u00e9-inscription (bordereau de versement, d\u00e9charge de ch\u00e8que, TPE)<\/span><br>\r\n<input type=\"file\" id=\"filepaiement\" name=\"filepaiement\" onchange=\"return validationFichierRecus()\" style=\"cursor:pointer;  padding-top:5px\" accept=\".pdf\" required=\"\"><span id=\"validRecus\"><\/span>\r\n<\/div>\r\n<div style=\"width:98%\">\r\n<small style=\"font-style: italic;\">\r\n<ul type = \"square\">\r\n<li>40.000 F pour le pr\u00e9scolaire et le primaire<\/li>\r\n<li>65.000 F pour le secondaire<\/li>\r\n<li>Etablir le ch\u00e8que correspondant au montant de la pr\u00e9inscription (non remboursable) au nom de <b>AGSMD \u00e0 d\u00e9poser \u00e0 Dani\u00e9lou-Abidjan.<br>\r\nPour le bordereau de versement bancaire NSIA<\/b>, \u00e0 l'emplacement <b>\"Nom du d\u00e9posant\"<\/b>, inscrire le <b>nom de l'\u00e9l\u00e8ve et la classe d\u00e9sir\u00e9e<\/b>\r\n<ul style=\"list-style-type: '- '; padding-left: 20px;\">\r\n  <li>CODE BANQUE: <b>CI042<\/b><\/li>\r\n  <li>CODE GUICHET: <b>01304<\/b><\/li>\r\n  <li>NUMERO DE COMPTE: <b>063894402001<\/b><\/li>\r\n  <li>CLE RIB: <b>28<\/b><\/li>\r\n  <li>TITULAIRE DU COMPTE: <b>ASSOCIATION GESTIONNAIRE DU GS MADELEINE DANIELOU<\/b><\/li>\r\n<\/ul>\r\n<\/li>\r\n<li>Possibilit\u00e9 de r\u00e9gler par TPE \u00e0 Dani\u00e9lou-Abidjan.<\/li>\r\n<\/ul>\r\n<\/small>\r\n<\/div>\r\n<\/div> \r\n<\/fieldset>\r\n\r\n<fieldset>\r\n<legend style=\"text-transform: uppercase; text-align:center\">Concernant les parents<\/legend>\r\n<div style=\"padding: 10px\">\r\n<p>\r\n<label style=\"font-weight: bold;\"> Email du demandeur<\/label><br>\r\n<span>\r\n<input id=\"emaildemandeur\" type=\"email\" name=\"emaildemandeur\" ><\/span>\r\n<\/p>\r\n<p>\r\n<label style=\"font-weight: bold;\"> Nom et Pr\u00e9nom du demandeur *<\/label><br>\r\n<span>\r\n<input id=\"nomprenomdemandeur\" type=\"text\" name=\"nomprenomdemandeur\" required>\r\n<\/span>\r\n<\/p>\r\n<p>\r\n<label style=\"font-weight: bold;\"> Contact du demandeur *<\/label><br>\r\n<span>\r\n<input id=\"contactdemandeur\" type=\"tel\" inputmode=\"numeric\" pattern=\"[0-9]*\" maxlength=\"10\" name=\"contactdemandeur\" required><\/span>\r\n<\/p>\r\n<p>\r\n<label style=\"font-weight: bold;\"> Lien avec la candidate *<\/label><br>\r\n<span>\r\n<input id=\"lienavecandidante\" type=\"text\" name=\"lienavecandidante\" required>\r\n<\/span>\r\n<\/p>\r\n<p>\r\n<label style=\"font-weight: bold;\"> Nom et Pr\u00e9nom du P\u00e8re *<\/label><br>\r\n<span>\r\n<input id=\"nomprenompere\" type=\"text\" name=\"nomprenompere\" required>\r\n<\/span>\r\n<\/p>\r\n<p>\r\n<label style=\"font-weight: bold;\"> Contact du p\u00e8re *<br>\r\n<span>\r\n<input id=\"contactpere\" type=\"tel\" inputmode=\"numeric\" pattern=\"[0-9]*\" maxlength=\"10\"  name=\"contactpere\" required><\/span><\/label>\r\n<\/p>\r\n<p>\r\n<label style=\"font-weight: bold;\"> Profession du p\u00e8re *<\/label><br>\r\n<span>\r\n<input id=\"professionpere\" type=\"text\" name=\"professionpere\" required>\r\n<\/span>\r\n<\/p>\r\n<p>\r\n<label style=\"font-weight: bold;\"> Email du p\u00e8re *<\/label><br>\r\n<span>\r\n<input id=\"emailpere\" type=\"email\" name=\"emailpere\" required><\/span>\r\n<\/p>\r\n<p>\r\n<label style=\"font-weight: bold;\"> Nom et Pr\u00e9nom de la m\u00e8re *<\/label><br>\r\n<span>\r\n<input id=\"nomprenommere\" type=\"text\" name=\"nomprenommere\" required>\r\n<\/span>\r\n<\/p>\r\n<p>\r\n<label style=\"font-weight: bold;\"> Contact de la m\u00e8re *<br>\r\n<span>\r\n<input id=\"contactmere\" type=\"tel\" inputmode=\"numeric\" pattern=\"[0-9]*\" maxlength=\"10\"  name=\"contactmere\" required><\/span><\/label>\r\n<\/p>\r\n<p>\r\n<label style=\"font-weight: bold;\"> Profession de la m\u00e8re *<\/label><br>\r\n<span>\r\n<input id=\"professionmere\" type=\"text\" name=\"professionmere\" required>\r\n<\/span>\r\n<\/p>\r\n<p>\r\n<label style=\"font-weight: bold;\"> Email de la m\u00e8re *<\/label><br>\r\n<span>\r\n<input id=\"emailmere\" type=\"email\" name=\"emailmere\" required><\/span>\r\n<\/p>\r\n\r\n<p><label style=\"font-weight: bold;\"> Est int\u00e9ress\u00e9e par le service de la Cantine? *<\/label><br>\r\n<span>\r\n<input id=\"cantine1\" name=\"cantine\" type=\"radio\" value=\"Oui\" required\/>\r\n<label for=\"cantine1\">Oui<\/label>\r\n\r\n<input id=\"cantine2\" name=\"cantine\" type=\"radio\" value=\"Non\" required\/>\r\n<label for=\"cantine2\">Non<\/label>\r\n<\/span>\r\n<\/p>\r\n<p>\r\n<label style=\"font-weight: bold;\"> Est int\u00e9ress\u00e9e par le service de Transport scolaire? *<\/label><br>\r\n<span>\r\n<input id=\"transport1\" name=\"transport\" type=\"radio\" value=\"Oui\" required\/>\r\n<label for=\"transport1\">Oui<\/label>\r\n\r\n<input id=\"transport2\" name=\"transport\" type=\"radio\" value=\"Non\" required\/>\r\n<label for=\"transport2\">Non<\/label>\r\n<\/span>\r\n<\/p>\r\n<p>\r\n<label style=\"font-weight: bold;\"> Je marque mon accord pour le projet \u00e9ducatif de l'\u00e9tablissement ainsi que son r\u00e8glement int\u00e9rieur *<\/label><br>\r\n<span>\r\n<input id=\"transport1\" name=\"accordprojetregl\" type=\"radio\" value=\"Oui\" required\/>\r\n<label for=\"accordprojetregl1\">Oui<\/label>\r\n\r\n<input id=\"accordprojetregl2\" name=\"accordprojetregl\" type=\"radio\" value=\"Non\" required\/>\r\n<label for=\"accordprojetregl2\">Non<\/label>\r\n<\/span>\r\n<\/p>\r\n<\/div>\r\n<\/fieldset>\t\r\n<!-- Champ cach\u00e9 pour stocker le token reCAPTCHA -->\r\n<input type=\"hidden\" name=\"recaptcha_token\" id=\"recaptcha_token\" value=\"\">\r\n<input type=\"hidden\" name=\"form_ts\" id=\"form_ts\" value=\"\">\r\n<input type=\"text\" name=\"website\" value=\"\" style=\"position:absolute;left:-9999px;top:auto;width:1px;height:1px;overflow:hidden;\">\r\n\r\n<div align=\"right\" style=\"padding :10px\">\r\n<input type=\"submit\" name=\"btn_submit\" id=\"envoiedonnes\" value=\"Envoyer\">\r\n<\/div>\r\n<div style=\"position:absolute; left:-9999px; top:auto; width:1px; height:1px; overflow:hidden;\">\r\n[gsmd_hidden_fields]\r\n  <label>Ne pas remplir<\/label>\r\n  <input type=\"text\" name=\"website\" value=\"\">\r\n<\/div>\r\n\r\n<\/form> \r\n\r\n<script src=\"\/inscriptiongsmd\/conditionfiles.js\"><\/script>\r\n<script>\r\ndocument.addEventListener(\"DOMContentLoaded\", async function () {\r\n  const container = document.getElementById(\"mysqlclassedemendeID\");\r\n  if (!container) return;\r\n\r\n  \/\/ Charger classedemande.php\r\n  try {\r\n    const res = await fetch(\"\/inscriptiongsmd\/classedemande.php\", { credentials: \"same-origin\" });\r\n    if (!res.ok) throw new Error(\"HTTP \" + res.status);\r\n    container.innerHTML = await res.text();\r\n  } catch (err) {\r\n    console.log(\"Erreur chargement classes:\", err);\r\n    container.innerHTML = '<select id=\"classedemande\" name=\"classedemande\" required><option value=\"\">Indisponible<\/option><\/select>';\r\n    return;\r\n  }\r\n\r\n  \/\/ D\u00e9l\u00e9gation du change\r\n  document.addEventListener(\"change\", function (e) {\r\n    if (!e.target || e.target.id !== \"classedemande\") return;\r\n\r\n    const val = e.target.value;\r\n\r\n    const isMaternelle = [\r\n      \"Toute Petite Section\",\r\n      \"Petite Section\",\r\n      \"Moyenne Section\",\r\n      \"Grande Section\"\r\n    ].includes(val);\r\n\r\n    const fileBulletins = document.getElementById(\"filelbulletins\");\r\n    const blocBulletins = document.getElementById(\"seulmBulletinID\");\r\n    const matricule = document.getElementById(\"matriculeseleve\");\r\n    const labelMat = document.getElementById(\"labelmatricule_id\");\r\n\r\n    \/\/ \u2705 nouveaux champs\r\n    const nomEtab = document.getElementById(\"nometablissement\");\r\n    const etabPrec = document.getElementById(\"etabliprecedent\");\r\n\r\n\r\n    if (isMaternelle) {\r\n      \/\/ Bulletins\r\n      if (fileBulletins) { fileBulletins.value = \"\"; fileBulletins.disabled = true; fileBulletins.removeAttribute(\"required\"); }\r\n      if (blocBulletins) blocBulletins.style.display = \"none\";\r\n\r\n      \/\/ Matricule\r\n      if (matricule) { matricule.value = \"\"; matricule.removeAttribute(\"required\"); }\r\n      if (labelMat) labelMat.style.display = \"none\";\r\n\r\n      \/\/ \u2705 Etablissement fr\u00e9quent\u00e9 + Etablissements pr\u00e9c\u00e9dents NON obligatoires\r\n      if (nomEtab) { nomEtab.value = \"\"; nomEtab.removeAttribute(\"required\"); }\r\n      if (etabPrec) { etabPrec.value = \"\"; etabPrec.removeAttribute(\"required\"); }\r\n\r\n    } else {\r\n      \/\/ Bulletins\r\n      if (fileBulletins) { fileBulletins.disabled = false; fileBulletins.setAttribute(\"required\", \"required\"); }\r\n      if (blocBulletins) blocBulletins.style.display = \"block\";\r\n\r\n      \/\/ Matricule\r\n      if (matricule) matricule.setAttribute(\"required\", \"required\");\r\n      if (labelMat) labelMat.style.display = \"block\";\r\n\r\n      \/\/ \u2705 redeviennent obligatoires hors pr\u00e9scolaire\r\n      if (nomEtab) nomEtab.setAttribute(\"required\", \"required\");\r\n      if (etabPrec) etabPrec.setAttribute(\"required\", \"required\");\r\n\r\n      \/\/ r\u00e9-afficher\r\n      if (blocNomEtab) blocNomEtab.style.display = \"block\";\r\n      if (blocEtabPrec) blocEtabPrec.style.display = \"block\";\r\n    }\r\n  });\r\n});\r\n<\/script>\r\n<script>\r\n(function () {\r\n  function digitsOnly(id) {\r\n    const el = document.getElementById(id);\r\n    if (!el) return;\r\n    el.addEventListener(\"input\", function () {\r\n      this.value = this.value.replace(\/\\D+\/g, \"\");\r\n    });\r\n  }\r\n\r\n  digitsOnly(\"contactdemandeur\");\r\n  digitsOnly(\"contactmere\");\r\n  digitsOnly(\"contactpere\");\r\n})();\r\n<\/script>\r\n<script>\r\n(function () {\r\n  const form = document.getElementById(\"FormInscription\");\r\n  if (!form) return;\r\n\r\n  const ts = document.getElementById(\"form_ts\");\r\n  if (ts) ts.value = String(Math.floor(Date.now() \/ 1000));\r\n\r\n  let submitting = false;\r\n\r\n  form.addEventListener(\"submit\", function (ev) {\r\n    if (submitting) return;\r\n    ev.preventDefault();\r\n\r\n    if (typeof grecaptcha === \"undefined\") {\r\n      submitting = true;\r\n      form.submit();\r\n      return;\r\n    }\r\n\r\n    grecaptcha.ready(async () => {\r\n      try {\r\n        const token = await grecaptcha.execute(\"6LfLdGYsAAAAAORffLMvQmNsivQ931YjQWVbvOwQ\", { action: \"preinscription\" });\r\n        document.getElementById(\"recaptcha_token\").value = token;\r\n      } catch (e) {\r\n        console.warn(\"reCAPTCHA bloqu\u00e9 \u2192 fallback\", e);\r\n      } finally {\r\n        submitting = true;\r\n        form.submit();\r\n      }\r\n    });\r\n  });\r\n})();\r\n<\/script>\r\n\r\n<\/body>\r\n<\/html>\t\t\t\t<\/div>\n\t\t\t\t<\/div>\n\t\t\t\t\t<\/div>\n\t\t<\/div>\n\t\t\t\t\t<\/div>\n\t\t<\/section>\n\t\t\t\t<\/div>\n\t\t","protected":false},"excerpt":{"rendered":"<p>Pr\u00e9-Inscription 2026 &#8211; 2027 A partir du 1er Mars, vous pouvez commencer les pr\u00e9inscriptions en remplissant le formulaire ci-dessous: Afin de favoriser une collaboration harmonieuse,&hellip;<\/p>\n","protected":false},"author":3,"featured_media":0,"parent":0,"menu_order":0,"comment_status":"closed","ping_status":"closed","template":"","meta":{"footnotes":""},"class_list":["post-6243","page","type-page","status-publish","hentry"],"aioseo_notices":[],"a3_pvc":{"activated":false,"total_views":0,"today_views":0},"_links":{"self":[{"href":"https:\/\/madeleinedanielou.ci\/index.php\/wp-json\/wp\/v2\/pages\/6243","targetHints":{"allow":["GET"]}}],"collection":[{"href":"https:\/\/madeleinedanielou.ci\/index.php\/wp-json\/wp\/v2\/pages"}],"about":[{"href":"https:\/\/madeleinedanielou.ci\/index.php\/wp-json\/wp\/v2\/types\/page"}],"author":[{"embeddable":true,"href":"https:\/\/madeleinedanielou.ci\/index.php\/wp-json\/wp\/v2\/users\/3"}],"replies":[{"embeddable":true,"href":"https:\/\/madeleinedanielou.ci\/index.php\/wp-json\/wp\/v2\/comments?post=6243"}],"version-history":[{"count":597,"href":"https:\/\/madeleinedanielou.ci\/index.php\/wp-json\/wp\/v2\/pages\/6243\/revisions"}],"predecessor-version":[{"id":10057,"href":"https:\/\/madeleinedanielou.ci\/index.php\/wp-json\/wp\/v2\/pages\/6243\/revisions\/10057"}],"wp:attachment":[{"href":"https:\/\/madeleinedanielou.ci\/index.php\/wp-json\/wp\/v2\/media?parent=6243"}],"curies":[{"name":"wp","href":"https:\/\/api.w.org\/{rel}","templated":true}]}}