{"id":7537,"date":"2024-02-29T19:30:26","date_gmt":"2024-02-29T19:30:26","guid":{"rendered":"https:\/\/madeleinedanielou.ci\/?page_id=7537"},"modified":"2024-03-03T03:49:10","modified_gmt":"2024-03-03T03:49:10","slug":"test-de-pre-inscription","status":"publish","type":"page","link":"https:\/\/madeleinedanielou.ci\/index.php\/test-de-pre-inscription\/","title":{"rendered":"Test de Pr\u00e9-Inscription"},"content":{"rendered":"\t\t<div data-elementor-type=\"wp-page\" data-elementor-id=\"7537\" class=\"elementor elementor-7537\">\n\t\t\t\t\t\t<section class=\"elementor-section elementor-top-section elementor-element elementor-element-63db75a elementor-section-boxed elementor-section-height-default elementor-section-height-default wpr-particle-no wpr-jarallax-no wpr-parallax-no wpr-sticky-section-no wpr-column-slider-no wpr-equal-height-no\" data-id=\"63db75a\" data-element_type=\"section\" data-e-type=\"section\">\n\t\t\t\t\t\t<div class=\"elementor-container elementor-column-gap-default\">\n\t\t\t\t\t<div class=\"elementor-column elementor-col-100 elementor-top-column elementor-element elementor-element-e50965b\" data-id=\"e50965b\" data-element_type=\"column\" data-e-type=\"column\">\n\t\t\t<div class=\"elementor-widget-wrap elementor-element-populated\">\n\t\t\t\t\t\t<div class=\"elementor-element elementor-element-6c6cfde elementor-widget elementor-widget-html\" data-id=\"6c6cfde\" data-element_type=\"widget\" data-e-type=\"widget\" data-widget_type=\"html.default\">\n\t\t\t\t<div class=\"elementor-widget-container\">\n\t\t\t\t\t<!DOCTYPE html>\r\n<!--[if lt IE 7]> <html class=\"lt-ie9 lt-ie8 lt-ie7\" lang=\"en\"> <![endif]-->\r\n<!--[if IE 7]> <html class=\"lt-ie9 lt-ie8\" lang=\"en\"> <![endif]-->\r\n<!--[if IE 8]> <html class=\"lt-ie9\" lang=\"en\"> <![endif]-->\r\n<!--[if gt IE 8]><!--> <html lang=\"fr\"> <!--<![endif]-->\r\n<head>\r\n  <meta charset=\"utf-8\">\r\n  <meta http-equiv=\"X-UA-Compatible\" content=\"IE=edge,chrome=1\">\r\n  <title><\/title>\r\n<\/head>\r\n<body>\r\n<div align=\"center\">\r\n<a href=\"https:\/\/madeleinedanielou.ci\/index.php\/pre-inscription-2023-2024\/\" class=\"preinscriptbouton gsmd_insc alt\">Pr\u00e9-Inscription<\/a>\r\n<\/div>\r\n\r\n<\/body>\r\n<\/html>\t\t\t\t<\/div>\n\t\t\t\t<\/div>\n\t\t\t\t\t<\/div>\n\t\t<\/div>\n\t\t\t\t\t<\/div>\n\t\t<\/section>\n\t\t\t\t<section class=\"elementor-section elementor-top-section elementor-element elementor-element-8557deb elementor-section-boxed elementor-section-height-default elementor-section-height-default wpr-particle-no wpr-jarallax-no wpr-parallax-no wpr-sticky-section-no wpr-column-slider-no wpr-equal-height-no\" data-id=\"8557deb\" data-element_type=\"section\" data-e-type=\"section\">\n\t\t\t\t\t\t<div class=\"elementor-container elementor-column-gap-default\">\n\t\t\t\t\t<div class=\"elementor-column elementor-col-100 elementor-top-column elementor-element elementor-element-d416bcb\" data-id=\"d416bcb\" data-element_type=\"column\" data-e-type=\"column\">\n\t\t\t<div class=\"elementor-widget-wrap elementor-element-populated\">\n\t\t\t\t\t\t<div class=\"elementor-element elementor-element-40bd60f elementor-widget elementor-widget-html\" data-id=\"40bd60f\" data-element_type=\"widget\" data-e-type=\"widget\" data-widget_type=\"html.default\">\n\t\t\t\t<div class=\"elementor-widget-container\">\n\t\t\t\t\t<!DOCTYPE HTML>\r\n\r\n<html lang=\"fr\">\r\n  <head>\r\n    <title>Pr\u00e9-Inscription<\/title>\r\n    <meta charset=\"utf-8\" \/>\r\n    <meta name=\"viewport\" content=\"width=device-width, initial-scale=1, user-scalable=no\" \/>\r\n    <style>\r\n    .legende {\r\n        border:2px;\r\n        border-color:blue;\r\n    }\r\n    }\r\n    <\/style>\r\n<script src=\"https:\/\/ajax.googleapis.com\/ajax\/libs\/jquery\/3.7.1\/jquery.min.js\"><\/script>\r\n<script>\r\n$(document).ready(function(){\r\n $(\"#mysql_data_js\").load(\"https:\/\/madeleinedanielou.ci\/inscriptiongsmd\/datalimite.php\");\r\n});\r\n<\/script>\r\n<script type=\"text\/javascript\">\r\n \/\/var nombre = new Number;\r\n \r\n document.getElementById('mysql_data_js').innerHTML = nombre;\r\n\/\/ var valeur = new Number(nombre);\r\n\/\/alert(nombre);   \r\n\/\/  $(\"#mysql_data2_js\").val(valeur);\r\n<\/script>\r\n  <\/head>\r\n  <body>\r\n<form id=\"FormInscription\" name=\"FormInscription\" action=\"https:\/\/madeleinedanielou.ci\/inscriptiongsmd\/traitement.php\"  method=\"POST\" class=\"FormInscription\" enctype=\"multipart\/form-data\">\r\n \r\n <div style=\"text-align:center;\" id=\"mysql_data_js\"><\/div>\r\n<fieldset id=\"InscriptionEleve\">\r\n<legend style=\"text-transform: uppercase; text-align:center;\">Concernant l\u2019\u00e9l\u00e8ve<\/legend>\r\n<div style=\"padding: 10px\">\r\n<label style=\"font-weight: bold;\"> Classe demand\u00e9e * <\/label><br>\r\n<div>\r\n<select id=\"classedemande\" name=\"classedemande\" required>\r\n<option value=\"\"><\/option>\r\n<optgroup label=\"PRESCOLAIRE\">\r\n<option id=\"tpsID\" value=\"Toute Petite Section\">Toute Petite Section<\/option>\r\n<option id=\"psID\" value=\"Petite Section\">Petite Section<\/option>\r\n<option id=\"msID\" value=\"Moyenne Section\">Moyenne Section<\/option>\r\n<option id=\"gsID\" value=\"Grande Section\">Grande Section<\/option>\r\n<\/optgroup>\r\n<optgroup label =\"PRIMAIRE\">\r\n<option id=\"cp1ID\" value=\"CP1\">CP1<\/option>\r\n<option id=\"cp2ID\" value=\"CP2\">CP2<\/option>\r\n<option id=\"ce1ID\" value=\"CE1\">CE1<\/option>\r\n<option id=\"ce2ID\" value=\"CE2\">CE2<\/option>\r\n<option id=\"cm1ID\" value=\"CM1\">CM1<\/option>\r\n<option id=\"cm2ID\" value=\"CM2\">CM2<\/option>\r\n<\/optgroup>\r\n<optgroup label=\"COLLEGE\">\r\n<option id=\"sixiemeID\" value=\"Sixi\u00e8me\">Sixi\u00e8me<\/option>\r\n<option id=\"cinquiemeID\" value=\"Cinqui\u00e8me\">Cinqui\u00e8me<\/option>\r\n<option id=\"quatriemeID\" value=\"Quatri\u00e8me\" >Quatri\u00e8me<\/option>\r\n<option id=\"troisiemeID\" value=\"Troisi\u00e8me\">Troisi\u00e8me<\/option>\r\n<\/optgroup>\r\n<optgroup label=\"LYCEE\">\r\n<option id=\"secondeaID\" value=\"Seconde A\">Seconde A<\/option>\r\n<option id=\"secondecID\" value=\"Seconde C\">Seconde C<\/option>\r\n<option id=\"premiereaID\" value=\"Premi\u00e8re A\">Premi\u00e8re A<\/option>\r\n<option id=\"premirecID\" value=\"Prem\u00e8re C\">Premi\u00e8re C<\/option>\r\n<option id=\"premieredID\" value=\"Premi\u00e8re D\">Premi\u00e8re D <\/option>\r\n<\/optgroup>\r\n<\/select>\r\n<\/div>\r\n\r\n<p style=\"font-weight:bold;text-align:center;color:red;\">Nous ne prenons pas actuellement de Terminale. Des places sont disponibles pour les classes de quatri\u00e8me et seconde<\/p>\r\n<p><label style=\"font-weight: bold;\"> Nom et pr\u00e9nom de l'\u00e9l\u00e8ve candidate* <\/label><br>\r\n<span>\r\n<input id=\"nomprenomseleve\" type=\"text\" name=\"nomprenomseleve\" required>\r\n<\/span><\/p>\r\n<p><label style=\"font-weight: bold;\"> Matricule de l'\u00e9l\u00e8ve <\/label><br>\r\n<span>\r\n<input id=\"matriculeseleve\" style=\"width: 200px;\" type=\"text\" name=\"matriculeseleve\">\r\n<\/span><\/p>\r\n<p> <label style=\"font-weight: bold;\"> Date de naissance*<\/label><br>\r\n<span>\r\n<input id=\"datenaissance\" type=\"date\" name=\"datenaissance\" required>\r\n<\/span>\r\n<\/p>\r\n\r\n<p> <label style=\"font-weight: bold;\"> Lieu d'habitation de l'\u00e9l\u00e8ve* <br>\r\n<span>\r\n<input id=\"adresseleve\" type=\"text\" name=\"adresseleve\" required>\r\n<\/span><\/label>\r\n<\/p>\r\n\r\n<p> <label style=\"font-weight: bold;\"> Nom de l'\u00e9tablissement fr\u00e9quent\u00e9 en 2021-2022*<\/label><br>\r\n<span>\r\n<input id=\"nometablissement\" type=\"text\" name=\"nometablissement\" required>\r\n<\/span>\r\n<\/p>\r\n\r\n<p><label style=\"font-weight: bold;\"> Etablissement(s) pr\u00e9c\u00e9dents*<\/label><br>\r\n<span>\r\n<textarea id=\"etabliprecedent\" type=\"text\" name=\"etabliprecedent\" placeholder=\"Renseigner par ligne\" required><\/textarea>\r\n<\/span><\/p>\r\n<p style=\"text-align:center;font-weight:bold;\">veuillez faire attention \u00e0 la taille de vos fichiers envoy\u00e9s en format PDF, ils ne doivent pas d\u00e9passer la taille de 2.5Mo.<\/p>\r\n<p><label style=\"font-weight: bold;\"> Joindre les pi\u00e8ces constitutives du dossier : <\/label><br>(<a style=\"font-size: smaller;\" href=\"https:\/\/www.ilovepdf.com\/fr\/fusionner_pdf\" target=\"_blank\">Si n\u00e9cessaire, cliquer ici pour fusionner les documents pdf notamment les bulletins<\/a>  &#128515;)<\/p>\r\n<div id=\"seulmPhotosID\">\r\n<span style=\"color:orange; \"> - une photo identit\u00e9<\/span><br>\r\n<small style=\"font-style: italic;\"> une photo d'identit\u00e9 r\u00e9cente en couleur (jpg ou png)<\/small><br>\r\n<input type=\"file\" id=\"filephoto\" name=\"filephoto\" onchange=\"return validationFichierPhoto()\" style=\"cursor:pointer; padding-top:5px; margin-bottom:10px;\" accept=\".png, .jpg\" required=\"\"><span id=\"validPhoto\"><\/span>\r\n<\/div>\r\n<div id=\"seulmLettreMotivID\">\r\n<span style=\"color:orange;\">- la lettre de motivation des parents<\/span><br>\r\n<input type=\"file\" id=\"filelettremotivation\" name=\"filelettremotivation\" onchange=\"return validationFichierLettreMotivation()\" style=\"cursor:pointer;  padding-top:5px; margin-bottom:10px;\" accept=\".pdf\" required=\"\"><span id=\"validLettre\"><\/span>\r\n<\/div>\r\n<div id=\"seulmBulletinID\">\r\n<span style=\"color:orange;\"> - les bulletins scolaires de l\u2019ann\u00e9e en cours et de l\u2019ann\u00e9e pr\u00e9c\u00e9dente <\/span><br>\r\n<input type=\"file\" id=\"filelbulletins\" name=\"filelbulletins\" onchange=\"return validationFichierBulletins()\" style=\"cursor:pointer;  padding-top:5px; margin-bottom:10px;\" accept=\".pdf\" required=\"\"><span id=\"validBulletin\"><\/span>\r\n<\/div>\r\n<div id=\"seulmRecuID\">\r\n<span style=\"color:orange;\">- le re\u00e7u de paiement de la pr\u00e9-inscription (bordereau de versement ou d\u00e9charge de ch\u00e8que)<\/span><br>\r\n<input type=\"file\" id=\"filepaiement\" name=\"filepaiement\" onchange=\"return validationFichierRecus()\" style=\"cursor:pointer;  padding-top:5px\" accept=\".pdf\" required=\"\"><span id=\"validRecus\"><\/span>\r\n<\/div>\r\n<small style=\"font-style: italic;\">\r\n<ul type = \"square\">\r\n<li>40.000 F pour le pr\u00e9scolaire et le primaire<\/li>\r\n<li>65.000 F pour le secondaire<\/li>\r\n<li>Etablir le ch\u00e8que correspondant au montant de la pr\u00e9inscription (non remboursable)au nom de <b>AGSMD<br>\r\nPour le bordereau de versement bancaire NSIA<\/b>, \u00e0 l'emplacement <b>\"Nom du d\u00e9posant\"<\/b>, vous inscrivez le <b>nom de l'\u00e9l\u00e8ve et la classe d\u00e9sir\u00e9e<\/b>\r\n<ul>\r\n<li>CODE BANQUE: <b>CI042<\/b><\/li>\r\n<li>CODE GUICHET: <b>01304<\/b><\/li>\r\n<li>NUMERO DE COMPTE: <b>063894402001<\/b><\/li>\r\n<li>CLE RIB: <b>28<\/b><\/li>\r\n<li>TITULAIRE DU COMPTE: <b>ASSOCIATION GESTIONNAIRE DU GS MADELEINE DANIELOU<\/b><\/li>\r\n<\/ul>\r\n<\/li>\r\n<\/ul>\r\n<\/small>\r\n<\/div> \r\n<\/fieldset>\r\n\r\n<fieldset>\r\n<legend style=\"text-transform: uppercase; text-align:center\">Concernant les parents<\/legend>\r\n<div style=\"padding: 10px\">\r\n<p>\r\n<label style=\"font-weight: bold;\"> Email du demandeur<\/label><br>\r\n<span>\r\n<input id=\"emaildemandeur\" type=\"email\" name=\"emaildemandeur\" ><\/span>\r\n<\/p>\r\n<p>\r\n<label style=\"font-weight: bold;\"> Nom et Pr\u00e9nom du demandeur*<\/label><br>\r\n<span>\r\n<input id=\"nomprenomdemandeur\" type=\"text\" name=\"nomprenomdemandeur\" required>\r\n<\/span>\r\n<\/p>\r\n<p>\r\n<label style=\"font-weight: bold;\"> Contact du demandeur*<\/label><br>\r\n<span>\r\n<input id=\"contactdemandeur\" type=\"tel\" name=\"contactdemandeur\" required><\/span>\r\n<\/p>\r\n<p>\r\n<label style=\"font-weight: bold;\"> Lien avec la candidate*<\/label><br>\r\n<span>\r\n<input id=\"lienavecandidante\" type=\"text\" name=\"lienavecandidante\" required>\r\n<\/span>\r\n<\/p>\r\n<p>\r\n<label style=\"font-weight: bold;\"> Nom et Pr\u00e9nom du P\u00e8re*<\/label><br>\r\n<span>\r\n<input id=\"nomprenompere\" type=\"text\" name=\"nomprenompere\" required>\r\n<\/span>\r\n<\/p>\r\n<p>\r\n<label style=\"font-weight: bold;\"> Contact du p\u00e8re*<br>\r\n<span>\r\n<input id=\"contactpere\" type=\"tel\" name=\"contactpere\" required><\/span><\/label>\r\n<\/p>\r\n<p>\r\n<label style=\"font-weight: bold;\"> Profession du p\u00e8re*<\/label><br>\r\n<span>\r\n<input id=\"professionpere\" type=\"text\" name=\"professionpere\" required>\r\n<\/span>\r\n<\/p>\r\n<p>\r\n<label style=\"font-weight: bold;\"> Email du p\u00e8re<\/label><br>\r\n<span>\r\n<input id=\"emailpere\" type=\"email\" name=\"emailpere\" ><\/span>\r\n<\/p>\r\n<p>\r\n<label style=\"font-weight: bold;\"> Nom et Pr\u00e9nom de la m\u00e8re*<\/label><br>\r\n<span>\r\n<input id=\"nomprenommere\" type=\"text\" name=\"nomprenommere\" required>\r\n<\/span>\r\n<\/p>\r\n<p>\r\n<label style=\"font-weight: bold;\"> Contact de la m\u00e8re*<br>\r\n<span>\r\n<input id=\"contactmere\" type=\"tel\" name=\"contactmere\" required><\/span><\/label>\r\n<\/p>\r\n<p>\r\n<label style=\"font-weight: bold;\"> Profession de la m\u00e8re<\/label><br>\r\n<span>\r\n<input id=\"professionmere\" type=\"text\" name=\"professionmere\" >\r\n<\/span>\r\n<\/p>\r\n<p>\r\n<label style=\"font-weight: bold;\"> Email de la m\u00e8re<\/label><br>\r\n<span>\r\n<input id=\"emailmere\" type=\"email\" name=\"emailmere\" ><\/span>\r\n<\/p>\r\n\r\n<p><label style=\"font-weight: bold;\"> Est int\u00e9ress\u00e9e par le service de la Cantine?*<\/label><br>\r\n<span>\r\n<input id=\"cantine1\" name=\"cantine\" type=\"radio\" value=\"Oui\" \/>\r\n<label for=\"cantine1\">Oui<\/label>\r\n\r\n<input id=\"cantine2\" name=\"cantine\" type=\"radio\" value=\"Non\" \/>\r\n<label for=\"cantine2\">Non<\/label>\r\n<\/span>\r\n<\/p>\r\n<p>\r\n<label style=\"font-weight: bold;\"> Est int\u00e9ress\u00e9e par le service de transport scolaire?*<\/label><br>\r\n<span>\r\n<input id=\"transport1\" name=\"transport\" type=\"radio\" value=\"Oui\" \/>\r\n<label for=\"transport1\">Oui<\/label>\r\n\r\n<input id=\"transport2\" name=\"transport\" type=\"radio\" value=\"Non\" \/>\r\n<label for=\"transport2\">Non<\/label>\r\n<\/span>\r\n<\/p>\r\n\r\n<progress max=\"100\" value=\"75\">75\/100<\/progress>\r\n<\/div>\r\n<\/fieldset>\r\n<div sytle=\"text-align:center;\" id=\"waituploads_js\"><\/div>\r\n<div align=\"right\" style=\"padding :10px\"><input type=\"submit\" name=\"submit\" id=\"envoiedonnes\" value=\"Envoyer\"><\/div>\r\n<\/form> \r\n<div id=\"datalimite_js\"><\/div>\r\n<script type=\"text\/javascript\">\r\n$(document).ready(function(){\r\n    if(){\r\n   $(\"#envoiedonnes\").on(\"click\", function(){\r\n       \r\n    document.getElementById('waituploads_js').innerHTML = '<div align=\"center\" sytle=\"display:none; width:69px;height:89px;border:1px solid black;position:absolute;top:50%;left:50%;padding:2px;\" id=\"affichewaituploads_js\"><img decoding=\"async\" src=\"\/inscriptiongsmd\/img\/wait.gif\" width=\"64\" height=\"64\" \/><br>Envoi en cours ...<\/div>';\r\n     \r\n    $(document).ready(function(){\r\n        $(document).ajaxStart(function(){\t\r\n       $(\"#affichewaituploads_js\").css(\"display\", \"block\"); });\r\n\t});\r\n    \r\n        \r\n    });\r\n}\r\n})\r\n<\/script>\r\n<script src=\"https:\/\/code.jquery.com\/jquery-3.6.0.min.js\"><\/script>\r\n<script src=\"https:\/\/cdnjs.cloudflare.com\/ajax\/libs\/jquery\/3.0.0\/jquery.js\"><\/script>\r\n<script src=\"\/inscriptiongsmd\/conditionbulletinprescolaire.js\"><\/script>\r\n<script src=\"\/inscriptiongsmd\/conditionfiles.js\"><\/script>\r\n\r\n<\/body>\r\n<\/html>\t\t\t\t<\/div>\n\t\t\t\t<\/div>\n\t\t\t\t\t<\/div>\n\t\t<\/div>\n\t\t\t\t\t<\/div>\n\t\t<\/section>\n\t\t\t\t<\/div>\n\t\t","protected":false},"excerpt":{"rendered":"<p>Pr\u00e9-Inscription Pr\u00e9-Inscription Concernant l\u2019\u00e9l\u00e8ve Classe demand\u00e9e * Toute Petite SectionPetite SectionMoyenne SectionGrande Section CP1CP2CE1CE2CM1CM2 Sixi\u00e8meCinqui\u00e8meQuatri\u00e8meTroisi\u00e8me Seconde ASeconde CPremi\u00e8re APremi\u00e8re CPremi\u00e8re D Nous ne prenons pas&hellip;<\/p>\n","protected":false},"author":3,"featured_media":0,"parent":0,"menu_order":0,"comment_status":"closed","ping_status":"closed","template":"","meta":{"footnotes":""},"class_list":["post-7537","page","type-page","status-publish","hentry"],"a3_pvc":{"activated":false,"total_views":0,"today_views":0},"_links":{"self":[{"href":"https:\/\/madeleinedanielou.ci\/index.php\/wp-json\/wp\/v2\/pages\/7537","targetHints":{"allow":["GET"]}}],"collection":[{"href":"https:\/\/madeleinedanielou.ci\/index.php\/wp-json\/wp\/v2\/pages"}],"about":[{"href":"https:\/\/madeleinedanielou.ci\/index.php\/wp-json\/wp\/v2\/types\/page"}],"author":[{"embeddable":true,"href":"https:\/\/madeleinedanielou.ci\/index.php\/wp-json\/wp\/v2\/users\/3"}],"replies":[{"embeddable":true,"href":"https:\/\/madeleinedanielou.ci\/index.php\/wp-json\/wp\/v2\/comments?post=7537"}],"version-history":[{"count":162,"href":"https:\/\/madeleinedanielou.ci\/index.php\/wp-json\/wp\/v2\/pages\/7537\/revisions"}],"predecessor-version":[{"id":7795,"href":"https:\/\/madeleinedanielou.ci\/index.php\/wp-json\/wp\/v2\/pages\/7537\/revisions\/7795"}],"wp:attachment":[{"href":"https:\/\/madeleinedanielou.ci\/index.php\/wp-json\/wp\/v2\/media?parent=7537"}],"curies":[{"name":"wp","href":"https:\/\/api.w.org\/{rel}","templated":true}]}}