{"id":99,"date":"2020-03-18T17:58:36","date_gmt":"2020-03-18T17:58:36","guid":{"rendered":"https:\/\/madeleinedanielou.ci\/?page_id=99"},"modified":"2026-03-30T18:05:28","modified_gmt":"2026-03-30T18:05:28","slug":"transports","status":"publish","type":"page","link":"https:\/\/madeleinedanielou.ci\/index.php\/transports\/","title":{"rendered":"Transports"},"content":{"rendered":"\t\t<div data-elementor-type=\"wp-page\" data-elementor-id=\"99\" class=\"elementor elementor-99\">\n\t\t\t\t\t\t<section class=\"elementor-section elementor-top-section elementor-element elementor-element-36bdfb5 elementor-section-boxed elementor-section-height-default elementor-section-height-default wpr-particle-no wpr-jarallax-no wpr-parallax-no wpr-sticky-section-no\" data-id=\"36bdfb5\" data-element_type=\"section\" data-e-type=\"section\">\n\t\t\t\t\t\t<div class=\"elementor-container elementor-column-gap-default\">\n\t\t\t\t\t<div class=\"elementor-column elementor-col-100 elementor-top-column elementor-element elementor-element-780682e\" data-id=\"780682e\" data-element_type=\"column\" data-e-type=\"column\">\n\t\t\t<div class=\"elementor-widget-wrap elementor-element-populated\">\n\t\t\t\t\t\t<div class=\"elementor-element elementor-element-03434a9 elementor-widget elementor-widget-page-title\" data-id=\"03434a9\" data-element_type=\"widget\" data-e-type=\"widget\" data-widget_type=\"page-title.default\">\n\t\t\t\t<div class=\"elementor-widget-container\">\n\t\t\t\t\t\t\t\n\t\t<div class=\"hfe-page-title hfe-page-title-wrapper elementor-widget-heading\">\n\n\t\t\t\t\t\t\t\t\t\t\t<a href=\"https:\/\/madeleinedanielou.ci\">\n\t\t\t\t\t\t<h2 class=\"elementor-heading-title elementor-size-default\">\n\t\t\t\t\t\t\t\t\n\t\t\t\tTransports  \n\t\t\t<\/h2 > \n\t\t\t\t\t\t\t\t\t<\/a>\n\t\t\t\t\t<\/div>\n\t\t\t\t\t\t<\/div>\n\t\t\t\t<\/div>\n\t\t\t\t\t<\/div>\n\t\t<\/div>\n\t\t\t\t\t<\/div>\n\t\t<\/section>\n\t\t\t\t<section class=\"elementor-section elementor-top-section elementor-element elementor-element-efb9cea elementor-section-content-middle elementor-section-boxed elementor-section-height-default elementor-section-height-default wpr-particle-no wpr-jarallax-no wpr-parallax-no wpr-sticky-section-no\" data-id=\"efb9cea\" data-element_type=\"section\" data-e-type=\"section\">\n\t\t\t\t\t\t<div class=\"elementor-container elementor-column-gap-default\">\n\t\t\t\t\t<div class=\"elementor-column elementor-col-50 elementor-top-column elementor-element elementor-element-7d2b60f\" data-id=\"7d2b60f\" data-element_type=\"column\" data-e-type=\"column\">\n\t\t\t<div class=\"elementor-widget-wrap elementor-element-populated\">\n\t\t\t\t\t\t<div class=\"elementor-element elementor-element-5bfee30 elementor-widget__width-initial elementor-widget elementor-widget-image\" data-id=\"5bfee30\" data-element_type=\"widget\" data-e-type=\"widget\" data-widget_type=\"image.default\">\n\t\t\t\t<div class=\"elementor-widget-container\">\n\t\t\t\t\t\t\t\t\t\t\t\t\t\t\t<img decoding=\"async\" width=\"300\" height=\"138\" src=\"https:\/\/madeleinedanielou.ci\/wp-content\/uploads\/2021\/04\/20210324_123412-300x138.jpg\" class=\"attachment-medium size-medium wp-image-2149\" alt=\"\" srcset=\"https:\/\/madeleinedanielou.ci\/wp-content\/uploads\/2021\/04\/20210324_123412-300x138.jpg 300w, https:\/\/madeleinedanielou.ci\/wp-content\/uploads\/2021\/04\/20210324_123412-scaled-600x277.jpg 600w, https:\/\/madeleinedanielou.ci\/wp-content\/uploads\/2021\/04\/20210324_123412-1024x472.jpg 1024w, https:\/\/madeleinedanielou.ci\/wp-content\/uploads\/2021\/04\/20210324_123412-768x354.jpg 768w, https:\/\/madeleinedanielou.ci\/wp-content\/uploads\/2021\/04\/20210324_123412-1536x708.jpg 1536w, https:\/\/madeleinedanielou.ci\/wp-content\/uploads\/2021\/04\/20210324_123412-2048x944.jpg 2048w\" sizes=\"(max-width: 300px) 100vw, 300px\" \/>\t\t\t\t\t\t\t\t\t\t\t\t\t\t\t<\/div>\n\t\t\t\t<\/div>\n\t\t\t\t\t<\/div>\n\t\t<\/div>\n\t\t\t\t<div class=\"elementor-column elementor-col-50 elementor-top-column elementor-element elementor-element-0ac3a5a\" data-id=\"0ac3a5a\" data-element_type=\"column\" data-e-type=\"column\">\n\t\t\t<div class=\"elementor-widget-wrap elementor-element-populated\">\n\t\t\t\t\t\t<div class=\"elementor-element elementor-element-42d83aa elementor-widget__width-initial elementor-widget elementor-widget-image\" data-id=\"42d83aa\" data-element_type=\"widget\" data-e-type=\"widget\" data-widget_type=\"image.default\">\n\t\t\t\t<div class=\"elementor-widget-container\">\n\t\t\t\t\t\t\t\t\t\t\t\t\t\t\t<img decoding=\"async\" width=\"300\" height=\"127\" src=\"https:\/\/madeleinedanielou.ci\/wp-content\/uploads\/2021\/04\/20210324_072614-scaled-e1724712823554-300x127.jpg\" class=\"attachment-medium size-medium wp-image-2152\" alt=\"\" srcset=\"https:\/\/madeleinedanielou.ci\/wp-content\/uploads\/2021\/04\/20210324_072614-scaled-e1724712823554-300x127.jpg 300w, https:\/\/madeleinedanielou.ci\/wp-content\/uploads\/2021\/04\/20210324_072614-scaled-e1724712823554-1024x435.jpg 1024w, https:\/\/madeleinedanielou.ci\/wp-content\/uploads\/2021\/04\/20210324_072614-scaled-e1724712823554-768x326.jpg 768w, https:\/\/madeleinedanielou.ci\/wp-content\/uploads\/2021\/04\/20210324_072614-scaled-e1724712823554-1536x652.jpg 1536w, https:\/\/madeleinedanielou.ci\/wp-content\/uploads\/2021\/04\/20210324_072614-scaled-e1724712823554-2048x870.jpg 2048w\" sizes=\"(max-width: 300px) 100vw, 300px\" \/>\t\t\t\t\t\t\t\t\t\t\t\t\t\t\t<\/div>\n\t\t\t\t<\/div>\n\t\t\t\t\t<\/div>\n\t\t<\/div>\n\t\t\t\t\t<\/div>\n\t\t<\/section>\n\t\t\t\t<section class=\"elementor-section elementor-top-section elementor-element elementor-element-51285c4a elementor-section-boxed elementor-section-height-default elementor-section-height-default wpr-particle-no wpr-jarallax-no wpr-parallax-no wpr-sticky-section-no\" data-id=\"51285c4a\" data-element_type=\"section\" data-e-type=\"section\">\n\t\t\t\t\t\t<div class=\"elementor-container elementor-column-gap-default\">\n\t\t\t\t\t<div class=\"elementor-column elementor-col-100 elementor-top-column elementor-element elementor-element-a018ae8\" data-id=\"a018ae8\" data-element_type=\"column\" data-e-type=\"column\">\n\t\t\t<div class=\"elementor-widget-wrap elementor-element-populated\">\n\t\t\t\t\t\t<div class=\"elementor-element elementor-element-7fb2e31b elementor-widget elementor-widget-text-editor\" data-id=\"7fb2e31b\" data-element_type=\"widget\" data-e-type=\"widget\" data-widget_type=\"text-editor.default\">\n\t\t\t\t<div class=\"elementor-widget-container\">\n\t\t\t\t\t\t\t\t\t<p style=\"text-align: center;\"><strong>Un service de cars est pr\u00e9vu<\/strong>, dans la limite des places disponibles :<br \/>\u00a0 il revient \u00e0\u00a0 360 000 F CFA<\/p>\n<p style=\"text-align: center;\"><strong>Nous<\/strong><span style=\"font-weight: bolder;\">\u00a0demandons un engagement \u00e0 l\u2019ann\u00e9e.<\/span><\/p>\n<p style=\"text-align: center;\">Seules les enfants dont les parents se seront acquitt\u00e9s de <b>l\u2019int\u00e9gralit\u00e9 de ces frais<\/b>\u00a0auront acc\u00e8s aux cars.<\/p>\n<p style=\"text-align: center;\">Le paiement \u00a0doit \u00eatre r\u00e9alis\u00e9 <strong>avant la rentr\u00e9e<\/strong>\u00a0<br \/>par ch\u00e8que au nom de AGSMD <br \/>ou \u00e0 verser sur notre compte \u00e0 la AFG Bank.<br \/><span style=\"color: #339966;\"><strong>CI260 01201 013300000001 92<\/strong><\/span><\/p>\n<p style=\"text-align: center;\">Le service des cars est mis en place depuis le <span style=\"color: #333399;\"><strong>lundi 02 septembre 2024<\/strong><\/span>.<\/p>\t\t\t\t\t\t\t\t<\/div>\n\t\t\t\t<\/div>\n\t\t\t\t\t<\/div>\n\t\t<\/div>\n\t\t\t\t\t<\/div>\n\t\t<\/section>\n\t\t\t\t<section class=\"elementor-section elementor-top-section elementor-element elementor-element-aa9f096 elementor-section-boxed elementor-section-height-default elementor-section-height-default wpr-particle-no wpr-jarallax-no wpr-parallax-no wpr-sticky-section-no\" data-id=\"aa9f096\" data-element_type=\"section\" data-e-type=\"section\">\n\t\t\t\t\t\t<div class=\"elementor-container elementor-column-gap-default\">\n\t\t\t\t\t<div class=\"elementor-column elementor-col-100 elementor-top-column elementor-element elementor-element-8f66abd\" data-id=\"8f66abd\" data-element_type=\"column\" data-e-type=\"column\">\n\t\t\t<div class=\"elementor-widget-wrap elementor-element-populated\">\n\t\t\t\t\t\t<div class=\"elementor-element elementor-element-5e92a0d elementor-widget__width-initial elementor-widget elementor-widget-image\" data-id=\"5e92a0d\" data-element_type=\"widget\" data-e-type=\"widget\" data-widget_type=\"image.default\">\n\t\t\t\t<div class=\"elementor-widget-container\">\n\t\t\t\t\t\t\t\t\t\t\t\t\t\t\t<img decoding=\"async\" width=\"300\" height=\"129\" src=\"https:\/\/madeleinedanielou.ci\/wp-content\/uploads\/2024\/08\/logo-300x129.webp\" class=\"attachment-medium size-medium wp-image-8321\" alt=\"\" srcset=\"https:\/\/madeleinedanielou.ci\/wp-content\/uploads\/2024\/08\/logo-300x129.webp 300w, https:\/\/madeleinedanielou.ci\/wp-content\/uploads\/2024\/08\/logo-1024x440.webp 1024w, https:\/\/madeleinedanielou.ci\/wp-content\/uploads\/2024\/08\/logo-768x330.webp 768w, https:\/\/madeleinedanielou.ci\/wp-content\/uploads\/2024\/08\/logo-1536x660.webp 1536w, https:\/\/madeleinedanielou.ci\/wp-content\/uploads\/2024\/08\/logo.webp 1600w\" sizes=\"(max-width: 300px) 100vw, 300px\" \/>\t\t\t\t\t\t\t\t\t\t\t\t\t\t\t<\/div>\n\t\t\t\t<\/div>\n\t\t\t\t\t<\/div>\n\t\t<\/div>\n\t\t\t\t\t<\/div>\n\t\t<\/section>\n\t\t\t\t<\/div>\n\t\t","protected":false},"excerpt":{"rendered":"<p>Transports Un service de cars est pr\u00e9vu, dans la limite des places disponibles :\u00a0 il revient \u00e0\u00a0 360 000 F CFA Nous\u00a0demandons un engagement \u00e0&hellip;<\/p>\n","protected":false},"author":3,"featured_media":0,"parent":0,"menu_order":0,"comment_status":"closed","ping_status":"closed","template":"","meta":{"footnotes":""},"class_list":["post-99","page","type-page","status-publish","hentry"],"aioseo_notices":[],"a3_pvc":{"activated":false,"total_views":0,"today_views":0},"_links":{"self":[{"href":"https:\/\/madeleinedanielou.ci\/index.php\/wp-json\/wp\/v2\/pages\/99","targetHints":{"allow":["GET"]}}],"collection":[{"href":"https:\/\/madeleinedanielou.ci\/index.php\/wp-json\/wp\/v2\/pages"}],"about":[{"href":"https:\/\/madeleinedanielou.ci\/index.php\/wp-json\/wp\/v2\/types\/page"}],"author":[{"embeddable":true,"href":"https:\/\/madeleinedanielou.ci\/index.php\/wp-json\/wp\/v2\/users\/3"}],"replies":[{"embeddable":true,"href":"https:\/\/madeleinedanielou.ci\/index.php\/wp-json\/wp\/v2\/comments?post=99"}],"version-history":[{"count":116,"href":"https:\/\/madeleinedanielou.ci\/index.php\/wp-json\/wp\/v2\/pages\/99\/revisions"}],"predecessor-version":[{"id":10179,"href":"https:\/\/madeleinedanielou.ci\/index.php\/wp-json\/wp\/v2\/pages\/99\/revisions\/10179"}],"wp:attachment":[{"href":"https:\/\/madeleinedanielou.ci\/index.php\/wp-json\/wp\/v2\/media?parent=99"}],"curies":[{"name":"wp","href":"https:\/\/api.w.org\/{rel}","templated":true}]}}